{"id":36165,"date":"2023-03-07T11:12:41","date_gmt":"2023-03-07T11:12:41","guid":{"rendered":"https:\/\/aykal.com.tr\/contact-us\/"},"modified":"2024-09-04T20:06:00","modified_gmt":"2024-09-04T20:06:00","slug":"contact-us","status":"publish","type":"page","link":"https:\/\/aykal.com.tr\/en\/contact-us\/","title":{"rendered":"Contact us"},"content":{"rendered":"\t\t<div data-elementor-type=\"wp-page\" data-elementor-id=\"36165\" class=\"elementor elementor-36165 elementor-1453\">\n\t\t\t\t\t\t<section class=\"elementor-section elementor-top-section elementor-element elementor-element-306f2c24 elementor-section-boxed elementor-section-height-default elementor-section-height-default sc_fly_static\" data-id=\"306f2c24\" data-element_type=\"section\">\n\t\t\t\t\t\t<div class=\"elementor-container elementor-column-gap-extended\">\n\t\t\t\t\t<div class=\"elementor-column elementor-col-100 elementor-top-column elementor-element elementor-element-367ee624 sc_inner_width_none sc_content_align_inherit sc_layouts_column_icons_position_left sc_fly_static\" data-id=\"367ee624\" data-element_type=\"column\">\n\t\t\t<div class=\"elementor-widget-wrap elementor-element-populated\">\n\t\t\t\t\t\t<div class=\"elementor-element elementor-element-3ecd4bc8 sc_height_huge sc_fly_static elementor-widget elementor-widget-spacer\" data-id=\"3ecd4bc8\" data-element_type=\"widget\" data-widget_type=\"spacer.default\">\n\t\t\t\t<div class=\"elementor-widget-container\">\n\t\t\t\t\t<div class=\"elementor-spacer\">\n\t\t\t<div class=\"elementor-spacer-inner\"><\/div>\n\t\t<\/div>\n\t\t\t\t<\/div>\n\t\t\t\t<\/div>\n\t\t\t\t<section class=\"elementor-section elementor-inner-section elementor-element elementor-element-a444612 elementor-section-boxed elementor-section-height-default elementor-section-height-default sc_fly_static\" data-id=\"a444612\" data-element_type=\"section\">\n\t\t\t\t\t\t<div class=\"elementor-container elementor-column-gap-no\">\n\t\t\t\t\t<div class=\"elementor-column elementor-col-100 elementor-inner-column elementor-element elementor-element-2aa59636 sc_inner_width_none sc_content_align_inherit sc_layouts_column_icons_position_left sc_fly_static\" data-id=\"2aa59636\" data-element_type=\"column\">\n\t\t\t<div class=\"elementor-widget-wrap elementor-element-populated\">\n\t\t\t\t\t\t<div class=\"elementor-element elementor-element-27bab5e8 sc_fly_static elementor-widget elementor-widget-trx_sc_title\" data-id=\"27bab5e8\" data-element_type=\"widget\" data-widget_type=\"trx_sc_title.default\">\n\t\t\t\t<div class=\"elementor-widget-container\">\n\t\t\t<div\t\tclass=\"sc_title sc_title_default\" ><span class=\"sc_item_subtitle sc_title_subtitle sc_item_subtitle_above sc_item_title_style_default\">Aykal Group Inc.<\/span><h1 class=\"sc_item_title sc_title_title sc_item_title_style_default sc_item_title_tag\"\n\t\t\t><span class=\"sc_item_title_text\">Contact Information<\/span><\/h1><\/div>\t\t<\/div>\n\t\t\t\t<\/div>\n\t\t\t\t\t<\/div>\n\t\t<\/div>\n\t\t\t\t\t<\/div>\n\t\t<\/section>\n\t\t\t\t\t<\/div>\n\t\t<\/div>\n\t\t\t\t\t<\/div>\n\t\t<\/section>\n\t\t\t\t<section class=\"elementor-section elementor-top-section elementor-element elementor-element-96a38f5 elementor-section-boxed elementor-section-height-default elementor-section-height-default sc_fly_static\" data-id=\"96a38f5\" data-element_type=\"section\">\n\t\t\t\t\t\t<div class=\"elementor-container elementor-column-gap-extended\">\n\t\t\t\t\t<div class=\"elementor-column elementor-col-33 elementor-top-column elementor-element elementor-element-acda9f6 sc_inner_width_none sc_content_align_inherit sc_layouts_column_icons_position_left animation_type_block sc_fly_static elementor-invisible\" data-id=\"acda9f6\" data-element_type=\"column\" data-settings=\"{&quot;animation&quot;:&quot;fadeInLeft&quot;}\">\n\t\t\t<div class=\"elementor-widget-wrap elementor-element-populated\">\n\t\t\t\t\t\t<div data-image-effect=\"on_smudge\" data-image-effect-scale=\"1\" data-image-effect-strength=\"40\" class=\"elementor-element elementor-element-8c270a2 trx_addons_image_effects_on_smudge sc_fly_static elementor-widget elementor-widget-image\" data-id=\"8c270a2\" data-element_type=\"widget\" data-widget_type=\"image.default\">\n\t\t\t\t<div class=\"elementor-widget-container\">\n\t\t\t\t\t\t\t\t\t\t\t\t\t<img fetchpriority=\"high\" decoding=\"async\" width=\"300\" height=\"165\" src=\"https:\/\/mlh5tyzfiamw.i.optimole.com\/cb:7iL6.54216\/w:300\/h:165\/q:mauto\/ig:avif\/https:\/\/aykal.com.tr\/wp-content\/uploads\/2024\/08\/aykal-insaat-logo-01.jpg\" class=\"attachment-medium size-medium wp-image-35166\" alt=\"\" srcset=\"https:\/\/mlh5tyzfiamw.i.optimole.com\/cb:7iL6.54216\/w:300\/h:165\/q:mauto\/ig:avif\/https:\/\/aykal.com.tr\/wp-content\/uploads\/2024\/08\/aykal-insaat-logo-01.jpg 300w, https:\/\/mlh5tyzfiamw.i.optimole.com\/cb:7iL6.54216\/w:370\/h:204\/q:mauto\/ig:avif\/https:\/\/aykal.com.tr\/wp-content\/uploads\/2024\/08\/aykal-insaat-logo-01.jpg 370w, https:\/\/mlh5tyzfiamw.i.optimole.com\/cb:7iL6.54216\/w:auto\/h:auto\/q:mauto\/ig:avif\/https:\/\/aykal.com.tr\/wp-content\/uploads\/2024\/08\/aykal-insaat-logo-01.jpg 400w\" sizes=\"(max-width: 300px) 100vw, 300px\" \/>\t\t\t\t\t\t\t\t\t\t\t\t\t<\/div>\n\t\t\t\t<\/div>\n\t\t\t\t<div class=\"elementor-element elementor-element-c9a5384 sc_fly_static elementor-widget elementor-widget-text-editor\" data-id=\"c9a5384\" data-element_type=\"widget\" data-widget_type=\"text-editor.default\">\n\t\t\t\t<div class=\"elementor-widget-container\">\n\t\t\t\t\t\t\t<h5>AYKAL CONSTRUCTION CO.<\/h5>\n<p><strong>Address<\/strong> Nasuh Akar Mah.<br \/>\n1400.<br \/>\nSk.<br \/>\nNo:4 Kat:1 Balgat, \u00c7ankaya\/ANKARA   <\/p>\n<p><strong>Telephone:<\/strong> 0 312 219 40 16<\/p>\n<p><strong>E-mail:<\/strong> info@aykal.com.tr<\/p>\n\t\t\t\t\t\t<\/div>\n\t\t\t\t<\/div>\n\t\t\t\t\t<\/div>\n\t\t<\/div>\n\t\t\t\t<div class=\"elementor-column elementor-col-33 elementor-top-column elementor-element elementor-element-7dd0d5f sc_inner_width_none sc_content_align_inherit sc_layouts_column_icons_position_left animation_type_block sc_fly_static elementor-invisible\" data-id=\"7dd0d5f\" data-element_type=\"column\" data-settings=\"{&quot;animation&quot;:&quot;fadeInDown&quot;}\">\n\t\t\t<div class=\"elementor-widget-wrap elementor-element-populated\">\n\t\t\t\t\t\t<div data-image-effect=\"on_smudge\" data-image-effect-scale=\"1\" data-image-effect-strength=\"40\" class=\"elementor-element elementor-element-f501293 trx_addons_image_effects_on_smudge sc_fly_static elementor-widget elementor-widget-image\" data-id=\"f501293\" data-element_type=\"widget\" data-widget_type=\"image.default\">\n\t\t\t\t<div class=\"elementor-widget-container\">\n\t\t\t\t\t\t\t\t\t\t\t\t\t<img fetchpriority=\"high\" decoding=\"async\" width=\"300\" height=\"165\" src=\"https:\/\/mlh5tyzfiamw.i.optimole.com\/cb:7iL6.54216\/w:300\/h:165\/q:mauto\/ig:avif\/https:\/\/aykal.com.tr\/wp-content\/uploads\/2024\/08\/aykal-teknik-logo-01.jpg\" class=\"attachment-medium size-medium wp-image-35167\" alt=\"\" srcset=\"https:\/\/mlh5tyzfiamw.i.optimole.com\/cb:7iL6.54216\/w:300\/h:165\/q:mauto\/ig:avif\/https:\/\/aykal.com.tr\/wp-content\/uploads\/2024\/08\/aykal-teknik-logo-01.jpg 300w, https:\/\/mlh5tyzfiamw.i.optimole.com\/cb:7iL6.54216\/w:370\/h:204\/q:mauto\/ig:avif\/https:\/\/aykal.com.tr\/wp-content\/uploads\/2024\/08\/aykal-teknik-logo-01.jpg 370w, https:\/\/mlh5tyzfiamw.i.optimole.com\/cb:7iL6.54216\/w:auto\/h:auto\/q:mauto\/ig:avif\/https:\/\/aykal.com.tr\/wp-content\/uploads\/2024\/08\/aykal-teknik-logo-01.jpg 400w\" sizes=\"(max-width: 300px) 100vw, 300px\" \/>\t\t\t\t\t\t\t\t\t\t\t\t\t<\/div>\n\t\t\t\t<\/div>\n\t\t\t\t<div class=\"elementor-element elementor-element-7f59673 sc_fly_static elementor-widget elementor-widget-text-editor\" data-id=\"7f59673\" data-element_type=\"widget\" data-widget_type=\"text-editor.default\">\n\t\t\t\t<div class=\"elementor-widget-container\">\n\t\t\t\t\t\t\t<h5>AYKAL TECHNICAL<\/h5>\n<p><strong>Address:<\/strong> K\u0131l\u0131\u00e7lar Village \/ Bah\u00e7elievler Mevkii \/ Bah\u00e7elievler Street No: 129\/1 Yah\u015fiyan\/KIRIKKALE<\/p>\n<\/p>\n<p><strong>E-mail:<\/strong> info@aykal.com.tr<\/p>\n\t\t\t\t\t\t<\/div>\n\t\t\t\t<\/div>\n\t\t\t\t\t<\/div>\n\t\t<\/div>\n\t\t\t\t<div class=\"elementor-column elementor-col-33 elementor-top-column elementor-element elementor-element-effda82 sc_inner_width_none sc_content_align_inherit sc_layouts_column_icons_position_left animation_type_block sc_fly_static elementor-invisible\" data-id=\"effda82\" data-element_type=\"column\" data-settings=\"{&quot;animation&quot;:&quot;fadeInRight&quot;}\">\n\t\t\t<div class=\"elementor-widget-wrap elementor-element-populated\">\n\t\t\t\t\t\t<div data-image-effect=\"on_smudge\" data-image-effect-scale=\"1\" data-image-effect-strength=\"40\" class=\"elementor-element elementor-element-571c79b trx_addons_image_effects_on_smudge sc_fly_static elementor-widget elementor-widget-image\" data-id=\"571c79b\" data-element_type=\"widget\" data-widget_type=\"image.default\">\n\t\t\t\t<div class=\"elementor-widget-container\">\n\t\t\t\t\t\t\t\t\t\t\t\t\t<img data-opt-src=\"https:\/\/mlh5tyzfiamw.i.optimole.com\/cb:7iL6.54216\/w:300\/h:165\/q:mauto\/ig:avif\/https:\/\/aykal.com.tr\/wp-content\/uploads\/2024\/08\/aykal-tanzania-01.jpg\"  decoding=\"async\" width=\"300\" height=\"165\" src=\"data:image/svg+xml,%3Csvg%20viewBox%3D%220%200%20300%20165%22%20width%3D%22300%22%20height%3D%22165%22%20xmlns%3D%22http%3A%2F%2Fwww.w3.org%2F2000%2Fsvg%22%3E%3Crect%20width%3D%22300%22%20height%3D%22165%22%20fill%3D%22transparent%22%2F%3E%3C%2Fsvg%3E\" class=\"attachment-medium size-medium wp-image-35168\" alt=\"\" old-srcset=\"https:\/\/mlh5tyzfiamw.i.optimole.com\/cb:7iL6.54216\/w:300\/h:165\/q:mauto\/ig:avif\/https:\/\/aykal.com.tr\/wp-content\/uploads\/2024\/08\/aykal-tanzania-01.jpg 300w, https:\/\/mlh5tyzfiamw.i.optimole.com\/cb:7iL6.54216\/w:370\/h:204\/q:mauto\/ig:avif\/https:\/\/aykal.com.tr\/wp-content\/uploads\/2024\/08\/aykal-tanzania-01.jpg 370w, https:\/\/mlh5tyzfiamw.i.optimole.com\/cb:7iL6.54216\/w:auto\/h:auto\/q:mauto\/ig:avif\/https:\/\/aykal.com.tr\/wp-content\/uploads\/2024\/08\/aykal-tanzania-01.jpg 400w\" \/>\t\t\t\t\t\t\t\t\t\t\t\t\t<\/div>\n\t\t\t\t<\/div>\n\t\t\t\t<div class=\"elementor-element elementor-element-671f6fc sc_fly_static elementor-widget elementor-widget-text-editor\" data-id=\"671f6fc\" data-element_type=\"widget\" data-widget_type=\"text-editor.default\">\n\t\t\t\t<div class=\"elementor-widget-container\">\n\t\t\t\t\t\t\t<h5>AYKAL TANZANIA<\/h5>\n<p><strong>Address:<\/strong> Ilala Shauri Moyo, 42232 Dar Es Salaam \/ TANZANIA<\/p>\n<\/p>\n<p><strong>E-mail:<\/strong> info@aykal.com.tr<\/p>\n\t\t\t\t\t\t<\/div>\n\t\t\t\t<\/div>\n\t\t\t\t\t<\/div>\n\t\t<\/div>\n\t\t\t\t\t<\/div>\n\t\t<\/section>\n\t\t\t\t<section class=\"elementor-section elementor-top-section elementor-element elementor-element-f4ba264 elementor-section-boxed elementor-section-height-default elementor-section-height-default animation_type_block sc_fly_static elementor-invisible\" data-id=\"f4ba264\" data-element_type=\"section\" data-settings=\"{&quot;animation&quot;:&quot;fadeInUp&quot;}\">\n\t\t\t\t\t\t<div class=\"elementor-container elementor-column-gap-extended\">\n\t\t\t\t\t<div class=\"elementor-column elementor-col-100 elementor-top-column elementor-element elementor-element-bdcf0df sc_inner_width_none sc_content_align_inherit sc_layouts_column_icons_position_left sc_fly_static\" data-id=\"bdcf0df\" data-element_type=\"column\">\n\t\t\t<div class=\"elementor-widget-wrap elementor-element-populated\">\n\t\t\t\t\t\t<div class=\"elementor-element elementor-element-6873cb8 sc_fly_static elementor-widget elementor-widget-heading\" data-id=\"6873cb8\" data-element_type=\"widget\" data-widget_type=\"heading.default\">\n\t\t\t\t<div class=\"elementor-widget-container\">\n\t\t\t<h4 class=\"elementor-heading-title elementor-size-default\">Contact Form<\/h4>\t\t<\/div>\n\t\t\t\t<\/div>\n\t\t\t\t<div class=\"elementor-element elementor-element-6e45deb sc_fly_static elementor-widget elementor-widget-trx_sc_contact_form_7\" data-id=\"6e45deb\" data-element_type=\"widget\" data-widget_type=\"trx_sc_contact_form_7.default\">\n\t\t\t\t<div class=\"elementor-widget-container\">\n\t\t\t\n<div class=\"wpcf7 no-js\" id=\"wpcf7-f36262-o1\" lang=\"en-US\" dir=\"ltr\">\n<div class=\"screen-reader-response\"><p role=\"status\" aria-live=\"polite\" aria-atomic=\"true\"><\/p> <ul><\/ul><\/div>\n<form action=\"\/en\/wp-json\/wp\/v2\/pages\/36165#wpcf7-f36262-o1\" method=\"post\" class=\"wpcf7-form init\" aria-label=\"Contact form\" novalidate=\"novalidate\" data-status=\"init\">\n<div style=\"display: none;\">\n<input type=\"hidden\" name=\"_wpcf7\" value=\"36262\" \/>\n<input type=\"hidden\" name=\"_wpcf7_version\" value=\"5.9.8\" \/>\n<input type=\"hidden\" name=\"_wpcf7_locale\" value=\"en_US\" \/>\n<input type=\"hidden\" name=\"_wpcf7_unit_tag\" value=\"wpcf7-f36262-o1\" \/>\n<input type=\"hidden\" name=\"_wpcf7_container_post\" value=\"0\" \/>\n<input type=\"hidden\" name=\"_wpcf7_posted_data_hash\" value=\"\" \/>\n<input type=\"hidden\" name=\"_wpcf7_recaptcha_response\" value=\"\" \/>\n<\/div>\n<div class=\"form-style-2\">\n\t<div class=\"columns_wrap\">\n\t\t<div class=\"column-1_2\">\n\t\t\t<p><span class=\"style-line\"><span class=\"wpcf7-form-control-wrap\" data-name=\"your-name\"><input size=\"40\" maxlength=\"400\" class=\"wpcf7-form-control wpcf7-text wpcf7-validates-as-required\" aria-required=\"true\" aria-invalid=\"false\" placeholder=\"Name\" value=\"\" type=\"text\" name=\"your-name\" \/><\/span><\/span>\n\t\t\t<\/p>\n\t\t<\/div>\n\t\t<div class=\"column-1_2\">\n\t\t\t<p><span class=\"style-line\"><span class=\"wpcf7-form-control-wrap\" data-name=\"your-last-name\"><input size=\"40\" maxlength=\"400\" class=\"wpcf7-form-control wpcf7-text wpcf7-validates-as-required\" aria-required=\"true\" aria-invalid=\"false\" placeholder=\"My Surname\" value=\"\" type=\"text\" name=\"your-last-name\" \/><\/span><\/span>\n\t\t\t<\/p>\n\t\t<\/div>\n\t<\/div>\n\t<div class=\"columns_wrap\">\n\t\t<div class=\"column-1_2\">\n\t\t\t<p><span class=\"style-line\"><span class=\"wpcf7-form-control-wrap\" data-name=\"your-email\"><input size=\"40\" maxlength=\"400\" class=\"wpcf7-form-control wpcf7-email wpcf7-validates-as-required wpcf7-text wpcf7-validates-as-email\" aria-required=\"true\" aria-invalid=\"false\" placeholder=\"Email\" value=\"\" type=\"email\" name=\"your-email\" \/><\/span><\/span>\n\t\t\t<\/p>\n\t\t<\/div>\n\t\t<div class=\"column-1_2\">\n\t\t\t<p><span class=\"style-line\"><span class=\"wpcf7-form-control-wrap\" data-name=\"phone\"><input size=\"40\" maxlength=\"400\" class=\"wpcf7-form-control wpcf7-tel wpcf7-validates-as-required wpcf7-text wpcf7-validates-as-tel\" aria-required=\"true\" aria-invalid=\"false\" placeholder=\"Phone\" value=\"\" type=\"tel\" name=\"phone\" \/><\/span><\/span>\n\t\t\t<\/p>\n\t\t<\/div>\n\t<\/div>\n\t<div class=\"columns_wrap margin-bottom\">\n\t\t<div class=\"column-1_1\">\n\t\t\t<p><span class=\"style-line\"><span class=\"wpcf7-form-control-wrap\" data-name=\"your-message\"><textarea cols=\"40\" rows=\"10\" maxlength=\"2000\" class=\"wpcf7-form-control wpcf7-textarea wpcf7-validates-as-required\" aria-required=\"true\" aria-invalid=\"false\" placeholder=\"Your message\" name=\"your-message\"><\/textarea><\/span><\/span>\n\t\t\t<\/p>\n\t\t<\/div>\n\t<\/div>\n\t<p><input class=\"wpcf7-form-control wpcf7-submit has-spinner\" type=\"submit\" value=\"Send\" \/>\n\t<\/p>\n<\/div><div class=\"wpcf7-response-output\" aria-hidden=\"true\"><\/div>\n<\/form>\n<\/div>\n\t\t<\/div>\n\t\t\t\t<\/div>\n\t\t\t\t\t<\/div>\n\t\t<\/div>\n\t\t\t\t\t<\/div>\n\t\t<\/section>\n\t\t\t\t<\/div>\n\t\t","protected":false},"excerpt":{"rendered":"<p>Aykal Group Inc. Contact Information AYKAL CONSTRUCTION CO. Address Nasuh Akar Mah. 1400. Sk. No:4 Kat:1 Balgat, \u00c7ankaya\/ANKARA Telephone: 0 312 219 40 16 E-mail: info@aykal.com.tr AYKAL TECHNICAL Address: K\u0131l\u0131\u00e7lar&hellip;<\/p>\n","protected":false},"author":1,"featured_media":0,"parent":0,"menu_order":0,"comment_status":"closed","ping_status":"closed","template":"","meta":{"footnotes":""},"class_list":["post-36165","page","type-page","status-publish","hentry"],"_links":{"self":[{"href":"https:\/\/aykal.com.tr\/en\/wp-json\/wp\/v2\/pages\/36165","targetHints":{"allow":["GET"]}}],"collection":[{"href":"https:\/\/aykal.com.tr\/en\/wp-json\/wp\/v2\/pages"}],"about":[{"href":"https:\/\/aykal.com.tr\/en\/wp-json\/wp\/v2\/types\/page"}],"author":[{"embeddable":true,"href":"https:\/\/aykal.com.tr\/en\/wp-json\/wp\/v2\/users\/1"}],"replies":[{"embeddable":true,"href":"https:\/\/aykal.com.tr\/en\/wp-json\/wp\/v2\/comments?post=36165"}],"version-history":[{"count":1,"href":"https:\/\/aykal.com.tr\/en\/wp-json\/wp\/v2\/pages\/36165\/revisions"}],"predecessor-version":[{"id":36166,"href":"https:\/\/aykal.com.tr\/en\/wp-json\/wp\/v2\/pages\/36165\/revisions\/36166"}],"wp:attachment":[{"href":"https:\/\/aykal.com.tr\/en\/wp-json\/wp\/v2\/media?parent=36165"}],"curies":[{"name":"wp","href":"https:\/\/api.w.org\/{rel}","templated":true}]}}