{"id":36169,"date":"2024-08-02T11:31:58","date_gmt":"2024-08-02T11:31:58","guid":{"rendered":"https:\/\/aykal.com.tr\/maintenance-and-repair-of-railway-vehicles\/"},"modified":"2024-09-04T20:06:44","modified_gmt":"2024-09-04T20:06:44","slug":"maintenance-and-repair-of-railway-vehicles","status":"publish","type":"page","link":"https:\/\/aykal.com.tr\/en\/maintenance-and-repair-of-railway-vehicles\/","title":{"rendered":"Maintenance and Repair of Railway Vehicles"},"content":{"rendered":"\t\t<div data-elementor-type=\"wp-page\" data-elementor-id=\"36169\" class=\"elementor elementor-36169 elementor-35078\">\n\t\t\t\t\t\t<section class=\"elementor-section elementor-top-section elementor-element elementor-element-a2a9a63 elementor-section-boxed elementor-section-height-default elementor-section-height-default sc_fly_static\" data-id=\"a2a9a63\" data-element_type=\"section\">\n\t\t\t\t\t\t<div class=\"elementor-container elementor-column-gap-extended\">\n\t\t\t\t\t<div class=\"elementor-column elementor-col-100 elementor-top-column elementor-element elementor-element-af17221 sc_inner_width_none sc_content_align_inherit sc_layouts_column_icons_position_left sc_fly_static\" data-id=\"af17221\" data-element_type=\"column\">\n\t\t\t<div class=\"elementor-widget-wrap elementor-element-populated\">\n\t\t\t\t\t\t<div class=\"elementor-element elementor-element-e53e8f6 sc_height_huge sc_fly_static elementor-widget elementor-widget-spacer\" data-id=\"e53e8f6\" data-element_type=\"widget\" data-widget_type=\"spacer.default\">\n\t\t\t\t<div class=\"elementor-widget-container\">\n\t\t\t\t\t<div class=\"elementor-spacer\">\n\t\t\t<div class=\"elementor-spacer-inner\"><\/div>\n\t\t<\/div>\n\t\t\t\t<\/div>\n\t\t\t\t<\/div>\n\t\t\t\t\t<\/div>\n\t\t<\/div>\n\t\t\t\t\t<\/div>\n\t\t<\/section>\n\t\t\t\t<section class=\"elementor-section elementor-top-section elementor-element elementor-element-e310e4f elementor-section-boxed elementor-section-height-default elementor-section-height-default animation_type_block sc_fly_static elementor-invisible\" data-id=\"e310e4f\" data-element_type=\"section\" data-settings=\"{&quot;animation&quot;:&quot;fadeInDown&quot;}\">\n\t\t\t\t\t\t<div class=\"elementor-container elementor-column-gap-extended\">\n\t\t\t\t\t<div class=\"elementor-column elementor-col-100 elementor-top-column elementor-element elementor-element-055375f sc_inner_width_none sc_content_align_inherit sc_layouts_column_icons_position_left sc_fly_static\" data-id=\"055375f\" data-element_type=\"column\">\n\t\t\t<div class=\"elementor-widget-wrap elementor-element-populated\">\n\t\t\t\t\t\t<div class=\"elementor-element elementor-element-12f722d sc_fly_static elementor-widget elementor-widget-trx_sc_title\" data-id=\"12f722d\" data-element_type=\"widget\" data-widget_type=\"trx_sc_title.default\">\n\t\t\t\t<div class=\"elementor-widget-container\">\n\t\t\t<div\t\tclass=\"sc_title sc_title_default\" ><h1 class=\"sc_item_title sc_title_title sc_item_title_style_default sc_item_title_tag\"\n\t\t\t><span class=\"sc_item_title_text\">Maintenance and Repair of Railway Vehicles<\/span><\/h1><\/div>\t\t<\/div>\n\t\t\t\t<\/div>\n\t\t\t\t\t<\/div>\n\t\t<\/div>\n\t\t\t\t\t<\/div>\n\t\t<\/section>\n\t\t\t\t<section class=\"elementor-section elementor-top-section elementor-element elementor-element-d1598d9 elementor-section-boxed elementor-section-height-default elementor-section-height-default sc_fly_static\" data-id=\"d1598d9\" data-element_type=\"section\">\n\t\t\t\t\t\t<div class=\"elementor-container elementor-column-gap-extended\">\n\t\t\t\t\t<div class=\"elementor-column elementor-col-50 elementor-top-column elementor-element elementor-element-945a3ff sc_inner_width_none sc_content_align_inherit sc_layouts_column_icons_position_left animation_type_block sc_fly_static elementor-invisible\" data-id=\"945a3ff\" data-element_type=\"column\" data-settings=\"{&quot;animation&quot;:&quot;fadeInLeft&quot;}\">\n\t\t\t<div class=\"elementor-widget-wrap elementor-element-populated\">\n\t\t\t\t\t\t<div class=\"elementor-element elementor-element-7a699c3 sc_fly_static elementor-widget elementor-widget-image\" data-id=\"7a699c3\" data-element_type=\"widget\" data-widget_type=\"image.default\">\n\t\t\t\t<div class=\"elementor-widget-container\">\n\t\t\t\t\t\t\t\t\t\t\t\t\t<img fetchpriority=\"high\" decoding=\"async\" width=\"1024\" height=\"576\" src=\"https:\/\/mlh5tyzfiamw.i.optimole.com\/cb:7iL6.54216\/w:1024\/h:576\/q:mauto\/ig:avif\/https:\/\/aykal.com.tr\/wp-content\/uploads\/2024\/08\/vagon-bakim-atolyesi.png\" class=\"elementor-animation-bob attachment-large size-large wp-image-35080\" alt=\"\" srcset=\"https:\/\/mlh5tyzfiamw.i.optimole.com\/cb:7iL6.54216\/w:1024\/h:576\/q:mauto\/ig:avif\/https:\/\/aykal.com.tr\/wp-content\/uploads\/2024\/08\/vagon-bakim-atolyesi.png 1024w, https:\/\/mlh5tyzfiamw.i.optimole.com\/cb:7iL6.54216\/w:300\/h:169\/q:mauto\/ig:avif\/https:\/\/aykal.com.tr\/wp-content\/uploads\/2024\/08\/vagon-bakim-atolyesi.png 300w, https:\/\/mlh5tyzfiamw.i.optimole.com\/cb:7iL6.54216\/w:768\/h:432\/q:mauto\/ig:avif\/https:\/\/aykal.com.tr\/wp-content\/uploads\/2024\/08\/vagon-bakim-atolyesi.png 768w, https:\/\/mlh5tyzfiamw.i.optimole.com\/cb:7iL6.54216\/w:1536\/h:864\/q:mauto\/ig:avif\/https:\/\/aykal.com.tr\/wp-content\/uploads\/2024\/08\/vagon-bakim-atolyesi.png 1536w, https:\/\/mlh5tyzfiamw.i.optimole.com\/cb:7iL6.54216\/w:370\/h:208\/q:mauto\/ig:avif\/https:\/\/aykal.com.tr\/wp-content\/uploads\/2024\/08\/vagon-bakim-atolyesi.png 370w, https:\/\/mlh5tyzfiamw.i.optimole.com\/cb:7iL6.54216\/w:1290\/h:725\/q:mauto\/rt:fill\/g:ce\/ig:avif\/https:\/\/aykal.com.tr\/wp-content\/uploads\/2024\/08\/vagon-bakim-atolyesi.png 1290w, https:\/\/mlh5tyzfiamw.i.optimole.com\/cb:7iL6.54216\/w:840\/h:473\/q:mauto\/rt:fill\/g:ce\/ig:avif\/https:\/\/aykal.com.tr\/wp-content\/uploads\/2024\/08\/vagon-bakim-atolyesi.png 840w, https:\/\/mlh5tyzfiamw.i.optimole.com\/cb:7iL6.54216\/w:410\/h:231\/q:mauto\/ig:avif\/https:\/\/aykal.com.tr\/wp-content\/uploads\/2024\/08\/vagon-bakim-atolyesi.png 410w, https:\/\/mlh5tyzfiamw.i.optimole.com\/cb:7iL6.54216\/w:270\/h:152\/q:mauto\/rt:fill\/g:ce\/ig:avif\/https:\/\/aykal.com.tr\/wp-content\/uploads\/2024\/08\/vagon-bakim-atolyesi.png 270w, https:\/\/mlh5tyzfiamw.i.optimole.com\/cb:7iL6.54216\/w:auto\/h:auto\/q:mauto\/ig:avif\/https:\/\/aykal.com.tr\/wp-content\/uploads\/2024\/08\/vagon-bakim-atolyesi.png 1920w\" sizes=\"(max-width: 1024px) 100vw, 1024px\" \/>\t\t\t\t\t\t\t\t\t\t\t\t\t<\/div>\n\t\t\t\t<\/div>\n\t\t\t\t\t<\/div>\n\t\t<\/div>\n\t\t\t\t<div class=\"elementor-column elementor-col-50 elementor-top-column elementor-element elementor-element-ba28063 sc_inner_width_none sc_content_align_inherit sc_layouts_column_icons_position_left animation_type_block sc_fly_static elementor-invisible\" data-id=\"ba28063\" data-element_type=\"column\" data-settings=\"{&quot;animation&quot;:&quot;fadeInRight&quot;}\">\n\t\t\t<div class=\"elementor-widget-wrap elementor-element-populated\">\n\t\t\t\t\t\t<div class=\"elementor-element elementor-element-e752335 sc_fly_static elementor-widget elementor-widget-text-editor\" data-id=\"e752335\" data-element_type=\"widget\" data-widget_type=\"text-editor.default\">\n\t\t\t\t<div class=\"elementor-widget-container\">\n\t\t\t\t\t\t\t<p>The capacity in the sector will be significantly increased with the 12-line ECM Workshop with a total area of 33,000 m\u00b2 and a closed area of 8,000 m\u00b2, which will be put into operation in K\u0131r\u0131kkale K\u0131l\u0131\u00e7lar location in the near future.<\/p>\n\t\t\t\t\t\t<\/div>\n\t\t\t\t<\/div>\n\t\t\t\t\t<\/div>\n\t\t<\/div>\n\t\t\t\t\t<\/div>\n\t\t<\/section>\n\t\t\t\t<\/div>\n\t\t","protected":false},"excerpt":{"rendered":"<p>Maintenance and Repair of Railway Vehicles The capacity in the sector will be significantly increased with the 12-line ECM Workshop with a total area of 33,000 m\u00b2 and a closed&hellip;<\/p>\n","protected":false},"author":1,"featured_media":0,"parent":0,"menu_order":0,"comment_status":"closed","ping_status":"closed","template":"","meta":{"footnotes":""},"class_list":["post-36169","page","type-page","status-publish","hentry"],"_links":{"self":[{"href":"https:\/\/aykal.com.tr\/en\/wp-json\/wp\/v2\/pages\/36169","targetHints":{"allow":["GET"]}}],"collection":[{"href":"https:\/\/aykal.com.tr\/en\/wp-json\/wp\/v2\/pages"}],"about":[{"href":"https:\/\/aykal.com.tr\/en\/wp-json\/wp\/v2\/types\/page"}],"author":[{"embeddable":true,"href":"https:\/\/aykal.com.tr\/en\/wp-json\/wp\/v2\/users\/1"}],"replies":[{"embeddable":true,"href":"https:\/\/aykal.com.tr\/en\/wp-json\/wp\/v2\/comments?post=36169"}],"version-history":[{"count":2,"href":"https:\/\/aykal.com.tr\/en\/wp-json\/wp\/v2\/pages\/36169\/revisions"}],"predecessor-version":[{"id":36171,"href":"https:\/\/aykal.com.tr\/en\/wp-json\/wp\/v2\/pages\/36169\/revisions\/36171"}],"wp:attachment":[{"href":"https:\/\/aykal.com.tr\/en\/wp-json\/wp\/v2\/media?parent=36169"}],"curies":[{"name":"wp","href":"https:\/\/api.w.org\/{rel}","templated":true}]}}