{"id":36180,"date":"2024-08-02T09:53:33","date_gmt":"2024-08-02T09:53:33","guid":{"rendered":"https:\/\/aykal.com.tr\/ecm-certification-services\/"},"modified":"2024-09-04T20:15:13","modified_gmt":"2024-09-04T20:15:13","slug":"ecm-certification-services","status":"publish","type":"page","link":"https:\/\/aykal.com.tr\/en\/ecm-certification-services\/","title":{"rendered":"Ecm Certification Services"},"content":{"rendered":"\t\t<div data-elementor-type=\"wp-page\" data-elementor-id=\"36180\" class=\"elementor elementor-36180 elementor-34996\">\n\t\t\t\t\t\t<section class=\"elementor-section elementor-top-section elementor-element elementor-element-a2a9a63 elementor-section-boxed elementor-section-height-default elementor-section-height-default sc_fly_static\" data-id=\"a2a9a63\" data-element_type=\"section\">\n\t\t\t\t\t\t<div class=\"elementor-container elementor-column-gap-extended\">\n\t\t\t\t\t<div class=\"elementor-column elementor-col-100 elementor-top-column elementor-element elementor-element-af17221 sc_inner_width_none sc_content_align_inherit sc_layouts_column_icons_position_left sc_fly_static\" data-id=\"af17221\" data-element_type=\"column\">\n\t\t\t<div class=\"elementor-widget-wrap elementor-element-populated\">\n\t\t\t\t\t\t<div class=\"elementor-element elementor-element-e53e8f6 sc_height_huge sc_fly_static elementor-widget elementor-widget-spacer\" data-id=\"e53e8f6\" data-element_type=\"widget\" data-widget_type=\"spacer.default\">\n\t\t\t\t<div class=\"elementor-widget-container\">\n\t\t\t\t\t<div class=\"elementor-spacer\">\n\t\t\t<div class=\"elementor-spacer-inner\"><\/div>\n\t\t<\/div>\n\t\t\t\t<\/div>\n\t\t\t\t<\/div>\n\t\t\t\t\t<\/div>\n\t\t<\/div>\n\t\t\t\t\t<\/div>\n\t\t<\/section>\n\t\t\t\t<section class=\"elementor-section elementor-top-section elementor-element elementor-element-e310e4f elementor-section-boxed elementor-section-height-default elementor-section-height-default animation_type_block sc_fly_static elementor-invisible\" data-id=\"e310e4f\" data-element_type=\"section\" data-settings=\"{&quot;animation&quot;:&quot;fadeInDown&quot;}\">\n\t\t\t\t\t\t<div class=\"elementor-container elementor-column-gap-extended\">\n\t\t\t\t\t<div class=\"elementor-column elementor-col-100 elementor-top-column elementor-element elementor-element-055375f sc_inner_width_none sc_content_align_inherit sc_layouts_column_icons_position_left sc_fly_static\" data-id=\"055375f\" data-element_type=\"column\">\n\t\t\t<div class=\"elementor-widget-wrap elementor-element-populated\">\n\t\t\t\t\t\t<div class=\"elementor-element elementor-element-12f722d sc_fly_static elementor-widget elementor-widget-trx_sc_title\" data-id=\"12f722d\" data-element_type=\"widget\" data-widget_type=\"trx_sc_title.default\">\n\t\t\t\t<div class=\"elementor-widget-container\">\n\t\t\t<div\t\tclass=\"sc_title sc_title_default\" ><h1 class=\"sc_item_title sc_title_title sc_item_title_style_default sc_item_title_tag\"\n\t\t\t><span class=\"sc_item_title_text\">Ecm Certification Services<\/span><\/h1><\/div>\t\t<\/div>\n\t\t\t\t<\/div>\n\t\t\t\t\t<\/div>\n\t\t<\/div>\n\t\t\t\t\t<\/div>\n\t\t<\/section>\n\t\t\t\t<section class=\"elementor-section elementor-top-section elementor-element elementor-element-d1598d9 elementor-section-boxed elementor-section-height-default elementor-section-height-default sc_fly_static\" data-id=\"d1598d9\" data-element_type=\"section\">\n\t\t\t\t\t\t<div class=\"elementor-container elementor-column-gap-extended\">\n\t\t\t\t\t<div class=\"elementor-column elementor-col-50 elementor-top-column elementor-element elementor-element-945a3ff sc_inner_width_none sc_content_align_inherit sc_layouts_column_icons_position_left animation_type_block sc_fly_static elementor-invisible\" data-id=\"945a3ff\" data-element_type=\"column\" data-settings=\"{&quot;animation&quot;:&quot;fadeInLeft&quot;}\">\n\t\t\t<div class=\"elementor-widget-wrap elementor-element-populated\">\n\t\t\t\t\t\t<div class=\"elementor-element elementor-element-7a699c3 sc_fly_static elementor-widget elementor-widget-image\" data-id=\"7a699c3\" data-element_type=\"widget\" data-widget_type=\"image.default\">\n\t\t\t\t<div class=\"elementor-widget-container\">\n\t\t\t\t\t\t\t\t\t\t\t\t\t<img fetchpriority=\"high\" decoding=\"async\" width=\"1024\" height=\"665\" src=\"https:\/\/mlh5tyzfiamw.i.optimole.com\/cb:7iL6.54216\/w:1024\/h:665\/q:mauto\/ig:avif\/https:\/\/aykal.com.tr\/wp-content\/uploads\/2024\/07\/demiryolu-1.jpg\" class=\"elementor-animation-bob attachment-large size-large wp-image-34701\" alt=\"\" srcset=\"https:\/\/mlh5tyzfiamw.i.optimole.com\/cb:7iL6.54216\/w:1024\/h:665\/q:mauto\/ig:avif\/https:\/\/aykal.com.tr\/wp-content\/uploads\/2024\/07\/demiryolu-1.jpg 1024w, https:\/\/mlh5tyzfiamw.i.optimole.com\/cb:7iL6.54216\/w:300\/h:195\/q:mauto\/ig:avif\/https:\/\/aykal.com.tr\/wp-content\/uploads\/2024\/07\/demiryolu-1.jpg 300w, https:\/\/mlh5tyzfiamw.i.optimole.com\/cb:7iL6.54216\/w:768\/h:499\/q:mauto\/ig:avif\/https:\/\/aykal.com.tr\/wp-content\/uploads\/2024\/07\/demiryolu-1.jpg 768w, https:\/\/mlh5tyzfiamw.i.optimole.com\/cb:7iL6.54216\/w:370\/h:240\/q:mauto\/ig:avif\/https:\/\/aykal.com.tr\/wp-content\/uploads\/2024\/07\/demiryolu-1.jpg 370w, https:\/\/mlh5tyzfiamw.i.optimole.com\/cb:7iL6.54216\/w:840\/h:545\/q:mauto\/ig:avif\/https:\/\/aykal.com.tr\/wp-content\/uploads\/2024\/07\/demiryolu-1.jpg 840w, https:\/\/mlh5tyzfiamw.i.optimole.com\/cb:7iL6.54216\/w:410\/h:266\/q:mauto\/ig:avif\/https:\/\/aykal.com.tr\/wp-content\/uploads\/2024\/07\/demiryolu-1.jpg 410w, https:\/\/mlh5tyzfiamw.i.optimole.com\/cb:7iL6.54216\/w:auto\/h:auto\/q:mauto\/ig:avif\/https:\/\/aykal.com.tr\/wp-content\/uploads\/2024\/07\/demiryolu-1.jpg 1500w\" sizes=\"(max-width: 1024px) 100vw, 1024px\" \/>\t\t\t\t\t\t\t\t\t\t\t\t\t<\/div>\n\t\t\t\t<\/div>\n\t\t\t\t<div class=\"elementor-element elementor-element-e5f457f elementor-view-default elementor-position-top elementor-mobile-position-top sc_fly_static elementor-widget elementor-widget-icon-box\" data-id=\"e5f457f\" data-element_type=\"widget\" data-widget_type=\"icon-box.default\">\n\t\t\t\t<div class=\"elementor-widget-container\">\n\t\t\t\t\t<div class=\"elementor-icon-box-wrapper\">\n\n\t\t\t\t\t\t<div class=\"elementor-icon-box-icon\">\n\t\t\t\t<a href=\"https:\/\/aykal.com.tr\/wp-content\/uploads\/2024\/08\/aykal-grup-as-ecm-sertifika.pdf\" target=\"_blank\" class=\"elementor-icon elementor-animation-wobble-vertical\" tabindex=\"-1\">\n\t\t\t\t<i aria-hidden=\"true\" class=\"far fa-file-pdf\"><\/i>\t\t\t\t<\/a>\n\t\t\t<\/div>\n\t\t\t\n\t\t\t\t\t\t<div class=\"elementor-icon-box-content\">\n\n\t\t\t\t\t\t\t\t\t<h5 class=\"elementor-icon-box-title\">\n\t\t\t\t\t\t<a href=\"https:\/\/aykal.com.tr\/wp-content\/uploads\/2024\/08\/aykal-grup-as-ecm-sertifika.pdf\" target=\"_blank\" >\n\t\t\t\t\t\t\tCertificate of the organization responsible for maintenance<br> \t\t\t\t\t\t<\/a>\n\t\t\t\t\t<\/h5>\n\t\t\t\t\n\t\t\t\t\n\t\t\t<\/div>\n\t\t\t\n\t\t<\/div>\n\t\t\t\t<\/div>\n\t\t\t\t<\/div>\n\t\t\t\t\t<\/div>\n\t\t<\/div>\n\t\t\t\t<div class=\"elementor-column elementor-col-50 elementor-top-column elementor-element elementor-element-ba28063 sc_inner_width_none sc_content_align_inherit sc_layouts_column_icons_position_left animation_type_block sc_fly_static elementor-invisible\" data-id=\"ba28063\" data-element_type=\"column\" data-settings=\"{&quot;animation&quot;:&quot;fadeInRight&quot;}\">\n\t\t\t<div class=\"elementor-widget-wrap elementor-element-populated\">\n\t\t\t\t\t\t<div class=\"elementor-element elementor-element-e752335 sc_fly_static elementor-widget elementor-widget-text-editor\" data-id=\"e752335\" data-element_type=\"widget\" data-widget_type=\"text-editor.default\">\n\t\t\t\t<div class=\"elementor-widget-container\">\n\t\t\t\t\t\t\t<h2>Entity in Charge of Maintenance = ECM (Entity in Charge of Maintanence)<\/h2>\n<p>ECM &gt; ECM is one of the most important actors in the field in ensuring rail safety in the railway sector.<\/p>\n<p>Aykal Construction is among the leading companies in the ECM sector in Turkey with its existing and developing facilities.<\/p>\n<p>The capacity in the sector will be significantly increased with the 12-line ECM Workshop with a total area of 33,000 m\u00b2 and a closed area of 8,000 m\u00b2, which will be put into operation in K\u0131r\u0131kkale K\u0131l\u0131\u00e7lar location in the near future.<\/p>\n<p>The financial value of this strategic investment is estimated at 289,000,000 Turkish Lira (USD 8.6 million).<\/p>\n<p>Proving its competencies in the international arena, Aykal Construction has expanded its activities with its ECM Workshop in Tanzania <br \/>with a total area of 23.000 m\u00b2, 6.000 m\u00b2 of which is closed, with a total area of 23.000 m\u00b2 and a value of 7.000.000 USD.<br \/>Aykal Construction has reinforced its ECM competence in Tanzania by being included in the international page of the European Railway Agency (ERA).<\/p>\n<p>As a local and national company, it has realized a first in this regard.<\/p>\n\t\t\t\t\t\t<\/div>\n\t\t\t\t<\/div>\n\t\t\t\t\t<\/div>\n\t\t<\/div>\n\t\t\t\t\t<\/div>\n\t\t<\/section>\n\t\t\t\t<\/div>\n\t\t","protected":false},"excerpt":{"rendered":"<p>Ecm Certification Services Certificate of the organization responsible for maintenance Entity in Charge of Maintenance = ECM (Entity in Charge of Maintanence) ECM &gt; ECM is one of the most&hellip;<\/p>\n","protected":false},"author":1,"featured_media":0,"parent":0,"menu_order":0,"comment_status":"closed","ping_status":"closed","template":"","meta":{"footnotes":""},"class_list":["post-36180","page","type-page","status-publish","hentry"],"_links":{"self":[{"href":"https:\/\/aykal.com.tr\/en\/wp-json\/wp\/v2\/pages\/36180","targetHints":{"allow":["GET"]}}],"collection":[{"href":"https:\/\/aykal.com.tr\/en\/wp-json\/wp\/v2\/pages"}],"about":[{"href":"https:\/\/aykal.com.tr\/en\/wp-json\/wp\/v2\/types\/page"}],"author":[{"embeddable":true,"href":"https:\/\/aykal.com.tr\/en\/wp-json\/wp\/v2\/users\/1"}],"replies":[{"embeddable":true,"href":"https:\/\/aykal.com.tr\/en\/wp-json\/wp\/v2\/comments?post=36180"}],"version-history":[{"count":1,"href":"https:\/\/aykal.com.tr\/en\/wp-json\/wp\/v2\/pages\/36180\/revisions"}],"predecessor-version":[{"id":36181,"href":"https:\/\/aykal.com.tr\/en\/wp-json\/wp\/v2\/pages\/36180\/revisions\/36181"}],"wp:attachment":[{"href":"https:\/\/aykal.com.tr\/en\/wp-json\/wp\/v2\/media?parent=36180"}],"curies":[{"name":"wp","href":"https:\/\/api.w.org\/{rel}","templated":true}]}}