{"id":36182,"date":"2024-07-23T08:55:54","date_gmt":"2024-07-23T08:55:54","guid":{"rendered":"https:\/\/aykal.com.tr\/ongoing-projects\/"},"modified":"2024-09-04T20:15:13","modified_gmt":"2024-09-04T20:15:13","slug":"ongoing-projects","status":"publish","type":"page","link":"https:\/\/aykal.com.tr\/en\/ongoing-projects\/","title":{"rendered":"Ongoing Projects"},"content":{"rendered":"\t\t<div data-elementor-type=\"wp-page\" data-elementor-id=\"36182\" class=\"elementor elementor-36182 elementor-34874\">\n\t\t\t\t\t\t<section class=\"elementor-section elementor-top-section elementor-element elementor-element-a2a9a63 elementor-section-boxed elementor-section-height-default elementor-section-height-default sc_fly_static\" data-id=\"a2a9a63\" data-element_type=\"section\">\n\t\t\t\t\t\t<div class=\"elementor-container elementor-column-gap-extended\">\n\t\t\t\t\t<div class=\"elementor-column elementor-col-100 elementor-top-column elementor-element elementor-element-af17221 sc_inner_width_none sc_content_align_inherit sc_layouts_column_icons_position_left sc_fly_static\" data-id=\"af17221\" data-element_type=\"column\">\n\t\t\t<div class=\"elementor-widget-wrap elementor-element-populated\">\n\t\t\t\t\t\t<div class=\"elementor-element elementor-element-e53e8f6 sc_height_huge sc_fly_static elementor-widget elementor-widget-spacer\" data-id=\"e53e8f6\" data-element_type=\"widget\" data-widget_type=\"spacer.default\">\n\t\t\t\t<div class=\"elementor-widget-container\">\n\t\t\t\t\t<div class=\"elementor-spacer\">\n\t\t\t<div class=\"elementor-spacer-inner\"><\/div>\n\t\t<\/div>\n\t\t\t\t<\/div>\n\t\t\t\t<\/div>\n\t\t\t\t\t<\/div>\n\t\t<\/div>\n\t\t\t\t\t<\/div>\n\t\t<\/section>\n\t\t\t\t<section class=\"elementor-section elementor-top-section elementor-element elementor-element-bb52f6e elementor-section-boxed elementor-section-height-default elementor-section-height-default sc_fly_static\" data-id=\"bb52f6e\" data-element_type=\"section\">\n\t\t\t\t\t\t<div class=\"elementor-container elementor-column-gap-extended\">\n\t\t\t\t\t<div class=\"elementor-column elementor-col-100 elementor-top-column elementor-element elementor-element-c87f03a sc_inner_width_none sc_content_align_inherit sc_layouts_column_icons_position_left sc_fly_static\" data-id=\"c87f03a\" data-element_type=\"column\">\n\t\t\t<div class=\"elementor-widget-wrap elementor-element-populated\">\n\t\t\t\t\t\t<div class=\"elementor-element elementor-element-08bb54c sc_fly_static elementor-widget elementor-widget-trx_sc_title\" data-id=\"08bb54c\" data-element_type=\"widget\" data-widget_type=\"trx_sc_title.default\">\n\t\t\t\t<div class=\"elementor-widget-container\">\n\t\t\t<div\t\tclass=\"sc_title sc_title_default\" ><span class=\"sc_item_subtitle sc_title_subtitle sc_item_subtitle_above sc_item_title_style_default\">aykal construction a.s.<\/span><h2 class=\"sc_item_title sc_title_title sc_item_title_style_default\"\n\t\t\t><span class=\"sc_item_title_text\">Ongoing Projects<\/span><\/h2><\/div>\t\t<\/div>\n\t\t\t\t<\/div>\n\t\t\t\t\t<\/div>\n\t\t<\/div>\n\t\t\t\t\t<\/div>\n\t\t<\/section>\n\t\t\t\t<section class=\"elementor-section elementor-top-section elementor-element elementor-element-42f7c77 elementor-section-boxed elementor-section-height-default elementor-section-height-default sc_fly_static\" data-id=\"42f7c77\" data-element_type=\"section\">\n\t\t\t\t\t\t<div class=\"elementor-container elementor-column-gap-extended\">\n\t\t\t\t\t<div class=\"elementor-column elementor-col-100 elementor-top-column elementor-element elementor-element-1836fa5 sc_inner_width_none sc_content_align_inherit sc_layouts_column_icons_position_left sc_fly_static\" data-id=\"1836fa5\" data-element_type=\"column\">\n\t\t\t<div class=\"elementor-widget-wrap elementor-element-populated\">\n\t\t\t\t\t\t<div class=\"elementor-element elementor-element-6e8102a sc_fly_static elementor-widget elementor-widget-trx_sc_portfolio\" data-id=\"6e8102a\" data-element_type=\"widget\" data-widget_type=\"trx_sc_portfolio.default\">\n\t\t\t\t<div class=\"elementor-widget-container\">\n\t\t\t<div \t\tclass=\"sc_portfolio sc_portfolio_band\"><div class=\"sc_portfolio_columns_wrap sc_item_columns sc_item_posts_container trx_addons_columns_wrap columns_padding_bottom grid_wrap_1 columns_in_single_row\"><div class=\"trx_addons_column-1_2\"><div data-post-id=\"36489\" class=\"sc_portfolio_item sc_item_container post_container\"\r\n\t\tdata-size=\"1600x1075\"\r\n\tdata-src=\"https:\/\/mlh5tyzfiamw.i.optimole.com\/cb:7iL6.54216\/w:auto\/h:auto\/q:mauto\/ig:avif\/https:\/\/aykal.com.tr\/wp-content\/uploads\/2024\/09\/IMG-20240805-WA0029.jpg\"\r\n\t>\r\n\t<div class=\"post_featured with_thumb hover_link sc_portfolio_item_thumb trx_addons_image_effects_on_waves2\" data-image-effect-strength=\"30\"><img fetchpriority=\"high\" decoding=\"async\" width=\"650\" height=\"572\" src=\"https:\/\/mlh5tyzfiamw.i.optimole.com\/cb:7iL6.54216\/w:650\/h:572\/q:mauto\/rt:fill\/g:ce\/ig:avif\/https:\/\/aykal.com.tr\/wp-content\/uploads\/2024\/09\/IMG-20240805-WA0029.jpg\" class=\"attachment-edifice-thumb-medium-square size-edifice-thumb-medium-square wp-post-image\" alt=\"\" \/>\t\t\t\t\t\t<div class=\"mask\"><\/div>\n\t\t\t\t\t\t\t\t\t<a href=\"https:\/\/aykal.com.tr\/en\/portfolio\/ankara-beytepe-villa-project\/\"  aria-hidden=\"true\" class=\"link\"><\/a>\r\n\t\t\t<\/div>    <div class=\"post_content_wrap\">\r\n        <div class=\"post_meta\"><span class=\"post_meta_item post_categories cat_sep\"><a href=\"https:\/\/aykal.com.tr\/en\/portfolio_group\/our-ongoing-projects\/\" title=\"View all posts in Our Ongoing Projects\">Our Ongoing Projects<\/a><\/span><\/div>            <h5 class=\"post_title\">\r\n                    <a href=\"https:\/\/aykal.com.tr\/en\/portfolio\/ankara-beytepe-villa-project\/\">Ankara Beytepe Villa Project<\/a>\r\n                    <\/h5>\r\n         \r\n                    <div class=\"post_description_content\"> Ankara Beytepe Villa Projesi <\/div>\r\n        \r\n\r\n    <\/div>\r\n<\/div><\/div><\/div><\/div>\t\t<\/div>\n\t\t\t\t<\/div>\n\t\t\t\t\t<\/div>\n\t\t<\/div>\n\t\t\t\t\t<\/div>\n\t\t<\/section>\n\t\t\t\t<\/div>\n\t\t","protected":false},"excerpt":{"rendered":"<p>aykal construction a.s. Ongoing Projects Devam Eden Projelerimiz Alayunt &#8211; Afyon &#8211; Konya Hat Kesimi Elektrifikasyon Ve Sinyalizasyon Yap\u0131m \u0130\u015fleri Alayunt &#8211; Afyon &#8211; Konya Hat Kesimi Elektrifikasyon Ve Sinyalizasyon&hellip;<\/p>\n","protected":false},"author":1,"featured_media":0,"parent":0,"menu_order":0,"comment_status":"closed","ping_status":"closed","template":"","meta":{"footnotes":""},"class_list":["post-36182","page","type-page","status-publish","hentry"],"_links":{"self":[{"href":"https:\/\/aykal.com.tr\/en\/wp-json\/wp\/v2\/pages\/36182","targetHints":{"allow":["GET"]}}],"collection":[{"href":"https:\/\/aykal.com.tr\/en\/wp-json\/wp\/v2\/pages"}],"about":[{"href":"https:\/\/aykal.com.tr\/en\/wp-json\/wp\/v2\/types\/page"}],"author":[{"embeddable":true,"href":"https:\/\/aykal.com.tr\/en\/wp-json\/wp\/v2\/users\/1"}],"replies":[{"embeddable":true,"href":"https:\/\/aykal.com.tr\/en\/wp-json\/wp\/v2\/comments?post=36182"}],"version-history":[{"count":1,"href":"https:\/\/aykal.com.tr\/en\/wp-json\/wp\/v2\/pages\/36182\/revisions"}],"predecessor-version":[{"id":36183,"href":"https:\/\/aykal.com.tr\/en\/wp-json\/wp\/v2\/pages\/36182\/revisions\/36183"}],"wp:attachment":[{"href":"https:\/\/aykal.com.tr\/en\/wp-json\/wp\/v2\/media?parent=36182"}],"curies":[{"name":"wp","href":"https:\/\/api.w.org\/{rel}","templated":true}]}}