{"id":36198,"date":"2024-08-02T10:50:26","date_gmt":"2024-08-02T10:50:26","guid":{"rendered":"https:\/\/aykal.com.tr\/locomotive-sales\/"},"modified":"2024-09-04T20:19:30","modified_gmt":"2024-09-04T20:19:30","slug":"locomotive-sales","status":"publish","type":"page","link":"https:\/\/aykal.com.tr\/en\/locomotive-sales\/","title":{"rendered":"Locomotive Sales"},"content":{"rendered":"\t\t<div data-elementor-type=\"wp-page\" data-elementor-id=\"36198\" class=\"elementor elementor-36198 elementor-35051\">\n\t\t\t\t\t\t<section class=\"elementor-section elementor-top-section elementor-element elementor-element-a2a9a63 elementor-section-boxed elementor-section-height-default elementor-section-height-default sc_fly_static\" data-id=\"a2a9a63\" data-element_type=\"section\">\n\t\t\t\t\t\t<div class=\"elementor-container elementor-column-gap-extended\">\n\t\t\t\t\t<div class=\"elementor-column elementor-col-100 elementor-top-column elementor-element elementor-element-af17221 sc_inner_width_none sc_content_align_inherit sc_layouts_column_icons_position_left sc_fly_static\" data-id=\"af17221\" data-element_type=\"column\">\n\t\t\t<div class=\"elementor-widget-wrap elementor-element-populated\">\n\t\t\t\t\t\t<div class=\"elementor-element elementor-element-e53e8f6 sc_height_huge sc_fly_static elementor-widget elementor-widget-spacer\" data-id=\"e53e8f6\" data-element_type=\"widget\" data-widget_type=\"spacer.default\">\n\t\t\t\t<div class=\"elementor-widget-container\">\n\t\t\t\t\t<div class=\"elementor-spacer\">\n\t\t\t<div class=\"elementor-spacer-inner\"><\/div>\n\t\t<\/div>\n\t\t\t\t<\/div>\n\t\t\t\t<\/div>\n\t\t\t\t\t<\/div>\n\t\t<\/div>\n\t\t\t\t\t<\/div>\n\t\t<\/section>\n\t\t\t\t<section class=\"elementor-section elementor-top-section elementor-element elementor-element-e310e4f elementor-section-boxed elementor-section-height-default elementor-section-height-default animation_type_block sc_fly_static elementor-invisible\" data-id=\"e310e4f\" data-element_type=\"section\" data-settings=\"{&quot;animation&quot;:&quot;fadeInDown&quot;}\">\n\t\t\t\t\t\t<div class=\"elementor-container elementor-column-gap-extended\">\n\t\t\t\t\t<div class=\"elementor-column elementor-col-100 elementor-top-column elementor-element elementor-element-055375f sc_inner_width_none sc_content_align_inherit sc_layouts_column_icons_position_left sc_fly_static\" data-id=\"055375f\" data-element_type=\"column\">\n\t\t\t<div class=\"elementor-widget-wrap elementor-element-populated\">\n\t\t\t\t\t\t<div class=\"elementor-element elementor-element-12f722d sc_fly_static elementor-widget elementor-widget-trx_sc_title\" data-id=\"12f722d\" data-element_type=\"widget\" data-widget_type=\"trx_sc_title.default\">\n\t\t\t\t<div class=\"elementor-widget-container\">\n\t\t\t<div\t\tclass=\"sc_title sc_title_default\" ><h1 class=\"sc_item_title sc_title_title sc_item_title_style_default sc_item_title_tag\"\n\t\t\t><span class=\"sc_item_title_text\">Locomotive Sales<\/span><\/h1><\/div>\t\t<\/div>\n\t\t\t\t<\/div>\n\t\t\t\t\t<\/div>\n\t\t<\/div>\n\t\t\t\t\t<\/div>\n\t\t<\/section>\n\t\t\t\t<section class=\"elementor-section elementor-top-section elementor-element elementor-element-d1598d9 elementor-section-boxed elementor-section-height-default elementor-section-height-default sc_fly_static\" data-id=\"d1598d9\" data-element_type=\"section\">\n\t\t\t\t\t\t<div class=\"elementor-container elementor-column-gap-extended\">\n\t\t\t\t\t<div class=\"elementor-column elementor-col-50 elementor-top-column elementor-element elementor-element-945a3ff sc_inner_width_none sc_content_align_inherit sc_layouts_column_icons_position_left animation_type_block sc_fly_static elementor-invisible\" data-id=\"945a3ff\" data-element_type=\"column\" data-settings=\"{&quot;animation&quot;:&quot;fadeInLeft&quot;}\">\n\t\t\t<div class=\"elementor-widget-wrap elementor-element-populated\">\n\t\t\t\t\t\t<div class=\"elementor-element elementor-element-7a699c3 sc_fly_static elementor-widget elementor-widget-image\" data-id=\"7a699c3\" data-element_type=\"widget\" data-widget_type=\"image.default\">\n\t\t\t\t<div class=\"elementor-widget-container\">\n\t\t\t\t\t\t\t\t\t\t\t\t\t<img fetchpriority=\"high\" decoding=\"async\" width=\"768\" height=\"560\" src=\"https:\/\/mlh5tyzfiamw.i.optimole.com\/cb:7iL6.54216\/w:768\/h:560\/q:mauto\/ig:avif\/https:\/\/aykal.com.tr\/wp-content\/uploads\/2024\/08\/lokomotif-satisi-3.jpg\" class=\"elementor-animation-bob attachment-medium_large size-medium_large wp-image-35053\" alt=\"\" srcset=\"https:\/\/mlh5tyzfiamw.i.optimole.com\/cb:7iL6.54216\/w:768\/h:560\/q:mauto\/ig:avif\/https:\/\/aykal.com.tr\/wp-content\/uploads\/2024\/08\/lokomotif-satisi-3.jpg 768w, https:\/\/mlh5tyzfiamw.i.optimole.com\/cb:7iL6.54216\/w:300\/h:219\/q:mauto\/ig:avif\/https:\/\/aykal.com.tr\/wp-content\/uploads\/2024\/08\/lokomotif-satisi-3.jpg 300w, https:\/\/mlh5tyzfiamw.i.optimole.com\/cb:7iL6.54216\/w:1024\/h:746\/q:mauto\/ig:avif\/https:\/\/aykal.com.tr\/wp-content\/uploads\/2024\/08\/lokomotif-satisi-3.jpg 1024w, https:\/\/mlh5tyzfiamw.i.optimole.com\/cb:7iL6.54216\/w:370\/h:270\/q:mauto\/ig:avif\/https:\/\/aykal.com.tr\/wp-content\/uploads\/2024\/08\/lokomotif-satisi-3.jpg 370w, https:\/\/mlh5tyzfiamw.i.optimole.com\/cb:7iL6.54216\/w:840\/h:612\/q:mauto\/ig:avif\/https:\/\/aykal.com.tr\/wp-content\/uploads\/2024\/08\/lokomotif-satisi-3.jpg 840w, https:\/\/mlh5tyzfiamw.i.optimole.com\/cb:7iL6.54216\/w:410\/h:299\/q:mauto\/ig:avif\/https:\/\/aykal.com.tr\/wp-content\/uploads\/2024\/08\/lokomotif-satisi-3.jpg 410w, https:\/\/mlh5tyzfiamw.i.optimole.com\/cb:7iL6.54216\/w:auto\/h:auto\/q:mauto\/ig:avif\/https:\/\/aykal.com.tr\/wp-content\/uploads\/2024\/08\/lokomotif-satisi-3.jpg 1308w\" sizes=\"(max-width: 768px) 100vw, 768px\" \/>\t\t\t\t\t\t\t\t\t\t\t\t\t<\/div>\n\t\t\t\t<\/div>\n\t\t\t\t<div class=\"elementor-element elementor-element-dfa7fd3 sc_fly_static elementor-widget elementor-widget-image\" data-id=\"dfa7fd3\" data-element_type=\"widget\" data-widget_type=\"image.default\">\n\t\t\t\t<div class=\"elementor-widget-container\">\n\t\t\t\t\t\t\t\t\t\t\t\t\t<img fetchpriority=\"high\" decoding=\"async\" width=\"768\" height=\"556\" src=\"https:\/\/mlh5tyzfiamw.i.optimole.com\/cb:7iL6.54216\/w:768\/h:556\/q:mauto\/ig:avif\/https:\/\/aykal.com.tr\/wp-content\/uploads\/2024\/08\/lokomotif-satisi-2.jpg\" class=\"elementor-animation-bob attachment-medium_large size-medium_large wp-image-35054\" alt=\"\" srcset=\"https:\/\/mlh5tyzfiamw.i.optimole.com\/cb:7iL6.54216\/w:768\/h:556\/q:mauto\/ig:avif\/https:\/\/aykal.com.tr\/wp-content\/uploads\/2024\/08\/lokomotif-satisi-2.jpg 768w, https:\/\/mlh5tyzfiamw.i.optimole.com\/cb:7iL6.54216\/w:300\/h:217\/q:mauto\/ig:avif\/https:\/\/aykal.com.tr\/wp-content\/uploads\/2024\/08\/lokomotif-satisi-2.jpg 300w, https:\/\/mlh5tyzfiamw.i.optimole.com\/cb:7iL6.54216\/w:1024\/h:741\/q:mauto\/ig:avif\/https:\/\/aykal.com.tr\/wp-content\/uploads\/2024\/08\/lokomotif-satisi-2.jpg 1024w, https:\/\/mlh5tyzfiamw.i.optimole.com\/cb:7iL6.54216\/w:370\/h:268\/q:mauto\/ig:avif\/https:\/\/aykal.com.tr\/wp-content\/uploads\/2024\/08\/lokomotif-satisi-2.jpg 370w, https:\/\/mlh5tyzfiamw.i.optimole.com\/cb:7iL6.54216\/w:840\/h:608\/q:mauto\/ig:avif\/https:\/\/aykal.com.tr\/wp-content\/uploads\/2024\/08\/lokomotif-satisi-2.jpg 840w, https:\/\/mlh5tyzfiamw.i.optimole.com\/cb:7iL6.54216\/w:410\/h:297\/q:mauto\/ig:avif\/https:\/\/aykal.com.tr\/wp-content\/uploads\/2024\/08\/lokomotif-satisi-2.jpg 410w, https:\/\/mlh5tyzfiamw.i.optimole.com\/cb:7iL6.54216\/w:auto\/h:auto\/q:mauto\/ig:avif\/https:\/\/aykal.com.tr\/wp-content\/uploads\/2024\/08\/lokomotif-satisi-2.jpg 1292w\" sizes=\"(max-width: 768px) 100vw, 768px\" \/>\t\t\t\t\t\t\t\t\t\t\t\t\t<\/div>\n\t\t\t\t<\/div>\n\t\t\t\t<div class=\"elementor-element elementor-element-e5f457f elementor-view-default elementor-position-top elementor-mobile-position-top sc_fly_static elementor-widget elementor-widget-icon-box\" data-id=\"e5f457f\" data-element_type=\"widget\" data-widget_type=\"icon-box.default\">\n\t\t\t\t<div class=\"elementor-widget-container\">\n\t\t\t\t\t<div class=\"elementor-icon-box-wrapper\">\n\n\t\t\t\t\t\t<div class=\"elementor-icon-box-icon\">\n\t\t\t\t<a href=\"https:\/\/aykal.com.tr\/wp-content\/uploads\/2024\/08\/Authorization-for-Turkey-1.pdf\" target=\"_blank\" class=\"elementor-icon elementor-animation-wobble-vertical\" tabindex=\"-1\">\n\t\t\t\t<i aria-hidden=\"true\" class=\"far fa-file-pdf\"><\/i>\t\t\t\t<\/a>\n\t\t\t<\/div>\n\t\t\t\n\t\t\t\t\t\t<div class=\"elementor-icon-box-content\">\n\n\t\t\t\t\t\t\t\t\t<h5 class=\"elementor-icon-box-title\">\n\t\t\t\t\t\t<a href=\"https:\/\/aykal.com.tr\/wp-content\/uploads\/2024\/08\/Authorization-for-Turkey-1.pdf\" target=\"_blank\" >\n\t\t\t\t\t\t\tCertificate of Authority\t\t\t\t\t\t<\/a>\n\t\t\t\t\t<\/h5>\n\t\t\t\t\n\t\t\t\t\n\t\t\t<\/div>\n\t\t\t\n\t\t<\/div>\n\t\t\t\t<\/div>\n\t\t\t\t<\/div>\n\t\t\t\t\t<\/div>\n\t\t<\/div>\n\t\t\t\t<div class=\"elementor-column elementor-col-50 elementor-top-column elementor-element elementor-element-ba28063 sc_inner_width_none sc_content_align_inherit sc_layouts_column_icons_position_left animation_type_block sc_fly_static elementor-invisible\" data-id=\"ba28063\" data-element_type=\"column\" data-settings=\"{&quot;animation&quot;:&quot;fadeInRight&quot;}\">\n\t\t\t<div class=\"elementor-widget-wrap elementor-element-populated\">\n\t\t\t\t\t\t<div class=\"elementor-element elementor-element-e752335 sc_fly_static elementor-widget elementor-widget-text-editor\" data-id=\"e752335\" data-element_type=\"widget\" data-widget_type=\"text-editor.default\">\n\t\t\t\t<div class=\"elementor-widget-container\">\n\t\t\t\t\t\t\t<h2>Aykal Construction and Railway Vehicles (Locomotives)<\/h2>\n<ul>\n<li><strong>By evaluating the current potential in the railway sector and forecasting future needs, Aykal \u0130n\u015faat has made strategic developments in locomotive supply, maintenance and repair services. <\/strong><\/li>\n<li><strong>In this regard, important steps have been taken towards the increasing need for railway transportation by analyzing the number and average age of locomotives in the inventory of TCDD Ta\u015f\u0131mac\u0131l\u0131k A.\u015e. and the private sector.<\/strong><\/li>\n<li><strong>In particular, as a result of the cooperation with CRRC, a world leader based in China, distributorship, maintenance, repair and spare parts supply rights were obtained in Turkey, the European Union (EU) and Tanzania for the world&#8217;s most powerful locomotive in its class with a power of 7200 KW, featuring dual (electric-diesel) use. <\/strong><\/li>\n<li><strong>These locomotives have TSI certification and are suitable for both Turkish and EU markets.<\/strong><\/li>\n<li><strong>Aykal Construction has reached an agreement on CRRC Dalian leasing approval and has introduced flexible and result-oriented financing models for the sale of locomotives in Turkey, the EU and Tanzania. <\/strong><\/li>\n<li><strong>In addition, the company plans to add 5 7200 KW locomotives to its portfolio and lease these vehicles to the private sector in Turkey. <\/strong><\/li>\n<li><strong>With this move, it is aimed to support private railway transport companies and to increase the efficiency and share of railway transport in the general transport sector. <\/strong><\/li>\n<li><strong>With the sales, maintenance and spare parts supply of the locomotives in question, Aykal Construction aims to make a high value-added contribution to the Turkish economy by using the opportunities and capabilities it has as a local and national company.<\/strong><\/li>\n<li>The delivery time of locomotives to our country is 90 days.<\/li>\n<li>Types of locomotives: Diesel Locomotive<\/li>\n<li>Electric Locomotive<\/li>\n<li>Diesel \u2013 Electric Locomotive<\/li>\n<li>The maintenance of the locomotives brought to our country will be carried out at the K\u0131r\u0131kkale K\u0131l\u0131\u00e7lar Station, which belongs to our company, and we currently have an expert team to carry out locomotive maintenance.<\/li>\n<\/ul>\n\t\t\t\t\t\t<\/div>\n\t\t\t\t<\/div>\n\t\t\t\t\t<\/div>\n\t\t<\/div>\n\t\t\t\t\t<\/div>\n\t\t<\/section>\n\t\t\t\t<\/div>\n\t\t","protected":false},"excerpt":{"rendered":"<p>Locomotive Sales Certificate of Authority Aykal Construction and Railway Vehicles (Locomotives) By evaluating the current potential in the railway sector and forecasting future needs, Aykal \u0130n\u015faat has made strategic developments&hellip;<\/p>\n","protected":false},"author":1,"featured_media":0,"parent":0,"menu_order":0,"comment_status":"closed","ping_status":"closed","template":"","meta":{"footnotes":""},"class_list":["post-36198","page","type-page","status-publish","hentry"],"_links":{"self":[{"href":"https:\/\/aykal.com.tr\/en\/wp-json\/wp\/v2\/pages\/36198","targetHints":{"allow":["GET"]}}],"collection":[{"href":"https:\/\/aykal.com.tr\/en\/wp-json\/wp\/v2\/pages"}],"about":[{"href":"https:\/\/aykal.com.tr\/en\/wp-json\/wp\/v2\/types\/page"}],"author":[{"embeddable":true,"href":"https:\/\/aykal.com.tr\/en\/wp-json\/wp\/v2\/users\/1"}],"replies":[{"embeddable":true,"href":"https:\/\/aykal.com.tr\/en\/wp-json\/wp\/v2\/comments?post=36198"}],"version-history":[{"count":1,"href":"https:\/\/aykal.com.tr\/en\/wp-json\/wp\/v2\/pages\/36198\/revisions"}],"predecessor-version":[{"id":36199,"href":"https:\/\/aykal.com.tr\/en\/wp-json\/wp\/v2\/pages\/36198\/revisions\/36199"}],"wp:attachment":[{"href":"https:\/\/aykal.com.tr\/en\/wp-json\/wp\/v2\/media?parent=36198"}],"curies":[{"name":"wp","href":"https:\/\/api.w.org\/{rel}","templated":true}]}}