{"id":36332,"date":"2024-09-06T08:07:57","date_gmt":"2024-09-06T08:07:57","guid":{"rendered":"https:\/\/aykal.com.tr\/ekipman-parki\/"},"modified":"2024-09-26T06:58:11","modified_gmt":"2024-09-26T06:58:11","slug":"equipment-park","status":"publish","type":"page","link":"https:\/\/aykal.com.tr\/en\/equipment-park\/","title":{"rendered":"Equipment Park"},"content":{"rendered":"\t\t<div data-elementor-type=\"wp-page\" data-elementor-id=\"36332\" class=\"elementor elementor-36332 elementor-36324\">\n\t\t\t\t\t\t<section class=\"elementor-section elementor-top-section elementor-element elementor-element-a2a9a63 elementor-section-boxed elementor-section-height-default elementor-section-height-default sc_fly_static\" data-id=\"a2a9a63\" data-element_type=\"section\">\n\t\t\t\t\t\t<div class=\"elementor-container elementor-column-gap-extended\">\n\t\t\t\t\t<div class=\"elementor-column elementor-col-100 elementor-top-column elementor-element elementor-element-af17221 sc_inner_width_none sc_content_align_inherit sc_layouts_column_icons_position_left sc_fly_static\" data-id=\"af17221\" data-element_type=\"column\">\n\t\t\t<div class=\"elementor-widget-wrap elementor-element-populated\">\n\t\t\t\t\t\t<div class=\"elementor-element elementor-element-e53e8f6 sc_height_huge sc_fly_static elementor-widget elementor-widget-spacer\" data-id=\"e53e8f6\" data-element_type=\"widget\" data-widget_type=\"spacer.default\">\n\t\t\t\t<div class=\"elementor-widget-container\">\n\t\t\t\t\t<div class=\"elementor-spacer\">\n\t\t\t<div class=\"elementor-spacer-inner\"><\/div>\n\t\t<\/div>\n\t\t\t\t<\/div>\n\t\t\t\t<\/div>\n\t\t\t\t\t<\/div>\n\t\t<\/div>\n\t\t\t\t\t<\/div>\n\t\t<\/section>\n\t\t\t\t<section class=\"elementor-section elementor-top-section elementor-element elementor-element-78c00bc elementor-section-boxed elementor-section-height-default elementor-section-height-default sc_fly_static\" data-id=\"78c00bc\" data-element_type=\"section\">\n\t\t\t\t\t\t<div class=\"elementor-container elementor-column-gap-extended\">\n\t\t\t\t\t<div class=\"elementor-column elementor-col-100 elementor-top-column elementor-element elementor-element-6ed7209 sc_inner_width_none sc_content_align_inherit sc_layouts_column_icons_position_left sc_fly_static\" data-id=\"6ed7209\" data-element_type=\"column\">\n\t\t\t<div class=\"elementor-widget-wrap elementor-element-populated\">\n\t\t\t\t\t\t<div class=\"elementor-element elementor-element-eb69c26 sc_fly_static elementor-widget elementor-widget-trx_sc_title\" data-id=\"eb69c26\" data-element_type=\"widget\" data-widget_type=\"trx_sc_title.default\">\n\t\t\t\t<div class=\"elementor-widget-container\">\n\t\t\t<div\t\tclass=\"sc_title sc_title_default\" ><span class=\"sc_item_subtitle sc_title_subtitle sc_item_subtitle_above sc_item_title_style_default\">Aykal Grup A.\u015e.<\/span><h2 class=\"sc_item_title sc_title_title sc_item_title_style_default\"\n\t\t\t><span class=\"sc_item_title_text\">Equipment Park<\/span><\/h2><\/div>\t\t<\/div>\n\t\t\t\t<\/div>\n\t\t\t\t\t<\/div>\n\t\t<\/div>\n\t\t\t\t\t<\/div>\n\t\t<\/section>\n\t\t\t\t<section class=\"elementor-section elementor-top-section elementor-element elementor-element-180959e elementor-section-boxed elementor-section-height-default elementor-section-height-default sc_fly_static\" data-id=\"180959e\" data-element_type=\"section\">\n\t\t\t\t\t\t<div class=\"elementor-container elementor-column-gap-extended\">\n\t\t\t\t\t<div class=\"elementor-column elementor-col-100 elementor-top-column elementor-element elementor-element-a9c019f sc_inner_width_none sc_content_align_inherit sc_layouts_column_icons_position_left sc_fly_static\" data-id=\"a9c019f\" data-element_type=\"column\">\n\t\t\t<div class=\"elementor-widget-wrap elementor-element-populated\">\n\t\t\t\t\t\t<div class=\"elementor-element elementor-element-8e3153c elementor-button-warning sc_fly_static elementor-widget elementor-widget-button\" data-id=\"8e3153c\" data-element_type=\"widget\" data-widget_type=\"button.default\">\n\t\t\t\t<div class=\"elementor-widget-container\">\n\t\t\t\t\t<div class=\"elementor-button-wrapper\">\n\t\t\t<a class=\"elementor-button elementor-button-link elementor-size-sm\" href=\"https:\/\/aykal.com.tr\/aykal-makine-ekipman.xlsx\" target=\"_blank\">\n\t\t\t\t\t\t<span class=\"elementor-button-content-wrapper\">\n\t\t\t\t\t\t\t\t\t<span class=\"elementor-button-text\">Equipment Park List<\/span>\n\t\t\t\t\t<\/span>\n\t\t\t\t\t<\/a>\n\t\t<\/div>\n\t\t\t\t<\/div>\n\t\t\t\t<\/div>\n\t\t\t\t\t<\/div>\n\t\t<\/div>\n\t\t\t\t\t<\/div>\n\t\t<\/section>\n\t\t\t\t<section class=\"elementor-section elementor-top-section elementor-element elementor-element-23452cf elementor-section-boxed elementor-section-height-default elementor-section-height-default sc_fly_static\" data-id=\"23452cf\" data-element_type=\"section\">\n\t\t\t\t\t\t<div class=\"elementor-container elementor-column-gap-extended\">\n\t\t\t\t\t<div class=\"elementor-column elementor-col-100 elementor-top-column elementor-element elementor-element-9f0c936 sc_inner_width_none sc_content_align_inherit sc_layouts_column_icons_position_left sc_fly_static\" data-id=\"9f0c936\" data-element_type=\"column\">\n\t\t\t<div class=\"elementor-widget-wrap elementor-element-populated\">\n\t\t\t\t\t\t<div class=\"elementor-element elementor-element-5b9917c sc_fly_static elementor-widget elementor-widget-heading\" data-id=\"5b9917c\" data-element_type=\"widget\" data-widget_type=\"heading.default\">\n\t\t\t\t<div class=\"elementor-widget-container\">\n\t\t\t<h4 class=\"elementor-heading-title elementor-size-default\">turkiye equpment park<\/h4>\t\t<\/div>\n\t\t\t\t<\/div>\n\t\t\t\t<div class=\"elementor-element elementor-element-05e5398 sc_fly_static elementor-widget elementor-widget-text-editor\" data-id=\"05e5398\" data-element_type=\"widget\" data-widget_type=\"text-editor.default\">\n\t\t\t\t<div class=\"elementor-widget-container\">\n\t\t\t\t\t\t\t<table width=\"1250\"><tbody><tr><td width=\"92\">SIRA NO<\/td><td width=\"252\">C\u0130NS\u0130<\/td><td width=\"180\">MODEL YILI<\/td><td width=\"726\">MARKA \/ MODEL<\/td><\/tr><tr><td width=\"92\">1<\/td><td>EXKAVAT\u00d6R<\/td><td>2016<\/td><td>CATERPILLAR 303.5E MODEL<\/td><\/tr><tr><td width=\"92\">2<\/td><td>EXKAVAT\u00d6R<\/td><td>2016<\/td><td>CATERPILLAR 305E2 MODEL<\/td><\/tr><tr><td width=\"92\">3<\/td><td>BEKO LOADER<\/td><td>2012<\/td><td>H\u0130DROMEK 120B<\/td><\/tr><tr><td width=\"92\">4<\/td><td>BEKO LOADER<\/td><td>2011<\/td><td>JCB 3CX<\/td><\/tr><tr><td width=\"92\">5<\/td><td>BEKO LOADER<\/td><td>2014<\/td><td>JCB 3CX<\/td><\/tr><tr><td width=\"92\">6<\/td><td>EXKAVAT\u00d6R<\/td><td>2012<\/td><td>YANMAR M\u0130N\u0130 EXKAVAT\u00d6R<\/td><\/tr><tr><td width=\"92\">7<\/td><td>FORKL\u0130FT<\/td><td>2017<\/td><td>YUKI FORKL\u0130F 4 TON\u00a0<\/td><\/tr><tr><td width=\"92\">8<\/td><td>FORKL\u0130FT<\/td><td>2005<\/td><td>3 TONLUK\u00a0 FORKL\u0130F<\/td><\/tr><tr><td width=\"92\">9<\/td><td>KAMYONET<\/td><td>1999<\/td><td>DODGE\/USA\u00a0 PD 250 SUPER<\/td><\/tr><tr><td width=\"92\">10<\/td><td>KAMYON<\/td><td>2010<\/td><td>KAMYON CARGO 3230 (8&#215;2)\u00a0 CARGO 3230C-S<\/td><\/tr><tr><td width=\"92\">11<\/td><td>KAMYON<\/td><td>2007<\/td><td>KAMYON CARGO 2530D (6&#215;2)<\/td><\/tr><tr><td width=\"92\">12<\/td><td>KAMYON<\/td><td>2007<\/td><td>FORD 2530 6X2 KAMYON<\/td><\/tr><tr><td width=\"92\">13<\/td><td>KAMYONET<\/td><td>2011<\/td><td>DAILY KAMYONET 35 C 13 3750 OTOYOL IVECO<\/td><\/tr><tr><td width=\"92\">14<\/td><td>M\u0130N\u0130B\u00dcS<\/td><td>2003<\/td><td>FORD\/OTOSAN TRANSIT 330 S KOMBI LX<\/td><\/tr><tr><td width=\"92\">15<\/td><td>T\u0130CAR\u0130 B\u0130NEK<\/td><td>2011<\/td><td>BIPPER KOMBI COMFORT PLUS 1.4 HDI<\/td><\/tr><tr><td width=\"92\">16<\/td><td>T\u0130CAR\u0130 B\u0130NEK<\/td><td>2011<\/td><td>BIPPER KOMBI AKTIF 1.4 HDI (70)<\/td><\/tr><tr><td width=\"92\">17<\/td><td>T\u0130CAR\u0130 B\u0130NEK<\/td><td>2011<\/td><td>FIAT DOBLO COMBI 1.3 90 M.JET EURO 4 DYNAMIC<\/td><\/tr><tr><td width=\"92\">18<\/td><td>PLATFORM<\/td><td>1994<\/td><td>FORD KAMYON (PLATFORM ARA\u00c7) 173 &#8212; CARGO 2014<\/td><\/tr><tr><td width=\"92\">19<\/td><td>PLATFORM<\/td><td>1992<\/td><td>IVECO\u00a0 KAMYON PLATFORM ARA\u00c7 067 &#8212; KAMYON 85.12<\/td><\/tr><tr><td width=\"92\">20<\/td><td>V\u0130N\u00c7 PLATFORM RAY \u00dcST\u00dc<\/td><td>2015<\/td><td>MERCEDES ATEGO V\u0130N\u00c7 PLATFORM 1088 &#8212; KAMYON ATEGO 1518<\/td><\/tr><tr><td width=\"92\">21<\/td><td>V\u0130N\u00c7 PLATFORM RAY \u00dcST\u00dc<\/td><td>2011<\/td><td>IVECO EURO V\u0130N\u00c7 PLATFORM : KAMYON 150 E 18 MLL<\/td><\/tr><tr><td width=\"92\">22<\/td><td>RAY UST\u00dc \u00c7EK\u0130C\u0130<\/td><td>2015<\/td><td>TULKAR 4&#215;4 ARA\u00c7 \u00c7EK\u0130C\u0130 BUFFALO 2.3SFT TURKARBUKAN SX4 12<\/td><\/tr><tr><td width=\"92\">23<\/td><td>RAY UST\u00dc \u00c7EK\u0130C\u0130<\/td><td>1986<\/td><td>\u00dcN\u0130MOG DEM\u0130R YOLU \u00c7EKME KURTARMA ARACI<\/td><\/tr><tr><td width=\"92\">24<\/td><td>RAY UST\u00dc \u00c7EK\u0130C\u0130<\/td><td>1984<\/td><td>\u00dcN\u0130MOG DEM\u0130R YOLU \u00c7EKME KURTARMA ARACI<\/td><\/tr><tr><td width=\"92\">25<\/td><td>RAY UST\u00dc \u00c7EK\u0130C\u0130+ H\u0130YAP<\/td><td>1986<\/td><td>\u00dcN\u0130MOG DEM\u0130R YOLU \u00c7EKME KURTARMA ARACI V\u0130N\u00c7L\u0130<\/td><\/tr><tr><td width=\"92\">26<\/td><td>V\u0130N\u00c7 RAY \u00dcST\u00dc TRANSM\u0130KSER<\/td><td>2001<\/td><td>MERCEDES 2521\/48\u00a0 MOB\u0130L V\u0130N\u00c7<\/td><\/tr><tr><td width=\"92\">27<\/td><td>TRANSM\u0130KSER<\/td><td>2010<\/td><td>8 M3 RAY \u00dcST\u00dc VAGON TRANSM\u0130KSER<\/td><\/tr><tr><td width=\"92\">28<\/td><td>VAGON<\/td><td>2010<\/td><td>KATANER KABLO \u00c7EK\u0130M VAGONU\u00a0<\/td><\/tr><tr><td width=\"92\">29<\/td><td>VAGON<\/td><td>2014<\/td><td>6&#215;3 VAGON\u00a0<\/td><\/tr><tr><td width=\"92\">30<\/td><td>VAGON<\/td><td>2013<\/td><td>6&#215;5 VAGON<\/td><\/tr><tr><td width=\"92\">31<\/td><td>VAGON<\/td><td>2017<\/td><td>6&#215;3 VAGON\u00a0<\/td><\/tr><tr><td width=\"92\">32<\/td><td>VAGON<\/td><td>2015<\/td><td>S\u0130NYAL KABLOSU \u00c7EK\u0130M VAGONU\u00a0<\/td><\/tr><tr><td width=\"92\">33<\/td><td>VAGON<\/td><td>2015<\/td><td>S\u0130NYAL KABLOSU \u00c7EK\u0130M VAGONU<\/td><\/tr><tr><td width=\"92\">34<\/td><td>B\u0130NEK<\/td><td>2014<\/td><td>DUSTER AMBIANCE 1.5 DCI 110 4&#215;4 E0PB X MD<\/td><\/tr><tr><td width=\"92\">35<\/td><td>4&#215;4 PICK &#8211; UP<\/td><td>2017<\/td><td>D-MAX CIFT KABIN KAMYONET 1.9 4&#215;4<\/td><\/tr><tr><td width=\"92\">36<\/td><td>4&#215;4 PICK &#8211; UP<\/td><td>2017<\/td><td>D-MAX CIFT KABIN KAMYONET 1.9 4&#215;4<\/td><\/tr><tr><td width=\"92\">37<\/td><td>4&#215;4 PICK &#8211; UP<\/td><td>2017<\/td><td>D-MAX CIFT KABIN KAMYONET 1.9 4&#215;4<\/td><\/tr><tr><td width=\"92\">38<\/td><td>4&#215;4 PICK &#8211; UP<\/td><td>2017<\/td><td>D-MAX CIFT KABIN KAMYONET 1.9 4&#215;4<\/td><\/tr><tr><td width=\"92\">39<\/td><td>4&#215;4 PICK &#8211; UP<\/td><td>2017<\/td><td>D-MAX CIFT KABIN KAMYONET 1.9 4&#215;4<\/td><\/tr><tr><td width=\"92\">40<\/td><td>4&#215;4 PICK &#8211; UP<\/td><td>2017<\/td><td>D-MAX CIFT KABIN KAMYONET 1.9 4&#215;4<\/td><\/tr><tr><td width=\"92\">41<\/td><td>4&#215;4 PICK &#8211; UP<\/td><td>2017<\/td><td>D-MAX CIFT KABIN KAMYONET 1.9 4&#215;4<\/td><\/tr><tr><td width=\"92\">42<\/td><td>4&#215;4 PICK &#8211; UP<\/td><td>2017<\/td><td>D-MAX CIFT KABIN KAMYONET 1.9 4&#215;4<\/td><\/tr><tr><td width=\"92\">43<\/td><td>4&#215;4 PICK &#8211; UP<\/td><td>2017<\/td><td>D-MAX CIFT KABIN KAMYONET 1.9 4&#215;4<\/td><\/tr><tr><td width=\"92\">44<\/td><td>B\u0130NEK OTO<\/td><td>2020<\/td><td>FOCUS TREND X 1.5 TDCI 120 4 KAPI 8S AT<\/td><\/tr><tr><td width=\"92\">45<\/td><td>B\u0130NEK OTO<\/td><td>2020<\/td><td>FOCUS TREND X 1.5 TDCI 120 4 KAPI 8S AT<\/td><\/tr><tr><td width=\"92\">46<\/td><td>B\u0130NEK OTO<\/td><td>2020<\/td><td>FOCUS TREND X 1.5 TDCI 120 4 KAPI 8S AT<\/td><\/tr><tr><td width=\"92\">47<\/td><td>4&#215;4 PICK &#8211; UP<\/td><td>2019<\/td><td>DUSTER COMFORT 1.5 BLUE DCI 115 4&#215;4<\/td><\/tr><tr><td width=\"92\">48<\/td><td>B\u0130NEK OTO\u00a0<\/td><td>2015<\/td><td>RENAULT FLUENCE TOUCH 1.5 DCI 110 EDC<\/td><\/tr><tr><td width=\"92\">49<\/td><td>B\u0130NEK OTO\u00a0<\/td><td>2015<\/td><td>RENAULT FLUENCE ICON 1.5 DCI 110 EDC<\/td><\/tr><tr><td width=\"92\">50<\/td><td>B\u0130NEK<\/td><td>2016<\/td><td>DUSTER AMBIANCE 1.5 DCI 110 4&#215;4 E0PB X MD<\/td><\/tr><tr><td width=\"92\">51<\/td><td>B\u0130NEK<\/td><td>2016<\/td><td>FORD FOCUS III MCA TREND X 1.5 TDCI 120 4K PWS<\/td><\/tr><tr><td width=\"92\">52<\/td><td>B\u0130NEK<\/td><td>2019<\/td><td>PEUGOUT 3008 ACTIVE LIFE\u00a0 1.5BLUE HDI 130 EAT6 PRIME EDITION<\/td><\/tr><tr><td width=\"92\">53<\/td><td>KAMYONET<\/td><td>2013<\/td><td>PEUGOUT PARTNER TEPE BINEK ACTIVE 1.6 HDI 92 E5\u00a0<\/td><\/tr><\/tbody><\/table>\t\t\t\t\t\t<\/div>\n\t\t\t\t<\/div>\n\t\t\t\t\t<\/div>\n\t\t<\/div>\n\t\t\t\t\t<\/div>\n\t\t<\/section>\n\t\t\t\t<section class=\"elementor-section elementor-top-section elementor-element elementor-element-a02c792 elementor-section-boxed elementor-section-height-default elementor-section-height-default sc_fly_static\" data-id=\"a02c792\" data-element_type=\"section\">\n\t\t\t\t\t\t<div class=\"elementor-container elementor-column-gap-extended\">\n\t\t\t\t\t<div class=\"elementor-column elementor-col-100 elementor-top-column elementor-element elementor-element-ed15b6c sc_inner_width_none sc_content_align_inherit sc_layouts_column_icons_position_left sc_fly_static\" data-id=\"ed15b6c\" data-element_type=\"column\">\n\t\t\t<div class=\"elementor-widget-wrap elementor-element-populated\">\n\t\t\t\t\t\t<div class=\"elementor-element elementor-element-05fe0a9 sc_fly_static elementor-widget elementor-widget-heading\" data-id=\"05fe0a9\" data-element_type=\"widget\" data-widget_type=\"heading.default\">\n\t\t\t\t<div class=\"elementor-widget-container\">\n\t\t\t<h4 class=\"elementor-heading-title elementor-size-default\">tanzania equipment park<\/h4>\t\t<\/div>\n\t\t\t\t<\/div>\n\t\t\t\t<div class=\"elementor-element elementor-element-89dc9ac sc_fly_static elementor-widget elementor-widget-text-editor\" data-id=\"89dc9ac\" data-element_type=\"widget\" data-widget_type=\"text-editor.default\">\n\t\t\t\t<div class=\"elementor-widget-container\">\n\t\t\t\t\t\t\t<table width=\"1250\"><tbody><tr><td width=\"92\">SIRA NO<\/td><td width=\"252\">C\u0130NS\u0130<\/td><td width=\"180\">MODEL YILI<\/td><td width=\"726\">MARKA \/ MODEL<\/td><\/tr><tr><td width=\"92\">1<\/td><td width=\"252\">LAND ROVER DISCOVERY<\/td><td>2015<\/td><td width=\"726\">LAND ROVER DISCOVERY<\/td><\/tr><tr><td width=\"92\">2<\/td><td width=\"252\">TOYOTA 4&#215;4 PICK-UP<\/td><td>2018<\/td><td width=\"726\">4&#215;4 ARA\u00c7<\/td><\/tr><tr><td width=\"92\">3<\/td><td width=\"252\">TOYOTA 4&#215;4 PICK-UP<\/td><td>2018<\/td><td width=\"726\">4&#215;4 ARA\u00c7<\/td><\/tr><tr><td width=\"92\">4<\/td><td width=\"252\">M\u0130N\u0130B\u00dcS<\/td><td>2015<\/td><td width=\"726\">PERSONEL TA\u015eIYICI SERV\u0130S<\/td><\/tr><tr><td width=\"92\">5<\/td><td width=\"252\">M\u0130N\u0130B\u00dcS<\/td><td>2015<\/td><td width=\"726\">PERSONEL TA\u015eIYICI SERV\u0130S<\/td><\/tr><tr><td width=\"92\">6<\/td><td width=\"252\">MAN\u0130TOU 40 MT<\/td><td>2019<\/td><td width=\"726\">40 MT MAN\u0130TOU<\/td><\/tr><tr><td width=\"92\">7<\/td><td width=\"252\">DEM\u0130R YOLU \u00c7EKME KURTARMA ARACI<\/td><td>2018<\/td><td width=\"726\">UN\u0130MOG U400 \/ KONDORA KDR 5.8M 1000 RAY \u00dcZER\u0130 KAMYON<\/td><\/tr><tr><td width=\"92\">8<\/td><td width=\"252\">DEM\u0130R YOLU \u00c7EKME KURTARMA ARACI<\/td><td>2018<\/td><td width=\"726\">UN\u0130MOG U400 \/ KONDORA KDR 5.8M 1000 RAY \u00dcZER\u0130 KAMYON<\/td><\/tr><tr><td width=\"92\">9<\/td><td width=\"252\">DEM\u0130R YOLU \u00c7EKME KURTARMA ARACI<\/td><td>2018<\/td><td width=\"726\">UN\u0130MOG U400 \/ KONDORA KDR 12K3 RAY \u00dcZER\u0130 KAMYON<\/td><\/tr><tr><td width=\"92\">10<\/td><td width=\"252\">DEM\u0130R YOLU \u00c7EKME KURTARMA ARACI<\/td><td>2018<\/td><td width=\"726\">UN\u0130MOG U400 \/ KONDORA KDR 5.8M 1000 RAY \u00dcZER\u0130 KAMYON<\/td><\/tr><tr><td width=\"92\">11<\/td><td width=\"252\">DEM\u0130R YOLU \u00c7EKME KURTARMA ARACI<\/td><td>2018<\/td><td width=\"726\">UN\u0130MOG U400 \/ KONDORA KDR 12K3 RAY \u00dcZER\u0130 KAMYON<\/td><\/tr><tr><td width=\"92\">12<\/td><td width=\"252\">DEM\u0130R YOLU TA\u015eIMA VAGONU<\/td><td>2018<\/td><td width=\"726\">VAKO SGSS-W \/ KDR 23 K3 VAGON<\/td><\/tr><tr><td width=\"92\">13<\/td><td width=\"252\">DEM\u0130R YOLU TA\u015eIMA VAGONU<\/td><td>2018<\/td><td width=\"726\">VAKO SGSS-W \/ KDR 23 K3 VAGON<\/td><\/tr><tr><td width=\"92\">14<\/td><td width=\"252\">DEM\u0130R YOLU TA\u015eIMA VAGONU<\/td><td>2018<\/td><td width=\"726\">VAKO SGSS-W \/ KDR 23 K3 VAGON<\/td><\/tr><tr><td width=\"92\">15<\/td><td width=\"252\">DEM\u0130R YOLU TA\u015eIMA VAGONU<\/td><td>2018<\/td><td width=\"726\">VAKO SGSS-W \/ KDR 23 K3 VAGON<\/td><\/tr><tr><td width=\"92\">16<\/td><td width=\"252\">DEM\u0130R YOLU V\u0130N\u00c7 PLATFORM\u00a0 ARA\u00c7<\/td><td>2018<\/td><td width=\"726\">MERCEDES ATEGO 1518C 36<\/td><\/tr><tr><td width=\"92\">17<\/td><td width=\"252\">DEM\u0130R YOLU V\u0130N\u00c7 PLATFORM\u00a0 ARA\u00c7<\/td><td>2018<\/td><td width=\"726\">MERCEDES ATEGO 1518C 36<\/td><\/tr><tr><td width=\"92\">18<\/td><td width=\"252\">DEM\u0130R YOLU V\u0130N\u00c7 PLATFORM\u00a0 ARA\u00c7<\/td><td>2018<\/td><td width=\"726\">MERCEDES ATEGO 1518C 42<\/td><\/tr><tr><td width=\"92\">19<\/td><td width=\"252\">DEM\u0130R YOLU V\u0130N\u00c7 PLATFORM\u00a0 ARA\u00c7<\/td><td>2018<\/td><td width=\"726\">MERCEDES ATEGO 1518C 36<\/td><\/tr><tr><td width=\"92\">20<\/td><td width=\"252\">MOB\u0130L V\u0130N\u00c7<\/td><td>2018<\/td><td width=\"726\">SANY PALFINGER \/ SPK 23500\u00a0<\/td><\/tr><tr><td width=\"92\">21<\/td><td width=\"252\">MOB\u0130L V\u0130N\u00c7<\/td><td>2018<\/td><td width=\"726\">SANY PALFINGER \/ SPK 23500\u00a0<\/td><\/tr><tr><td width=\"92\">22<\/td><td width=\"252\">FORKL\u0130FT<\/td><td>2017<\/td><td width=\"726\">KOMATSU \/ FD30T &#8211; 17 (3 TON)<\/td><\/tr><tr><td width=\"92\">23<\/td><td width=\"252\">FORKL\u0130FT<\/td><td>2018<\/td><td width=\"726\">KOMATSU \/ FD30T &#8211; 17 (3 TON)<\/td><\/tr><\/tbody><\/table>\t\t\t\t\t\t<\/div>\n\t\t\t\t<\/div>\n\t\t\t\t\t<\/div>\n\t\t<\/div>\n\t\t\t\t\t<\/div>\n\t\t<\/section>\n\t\t\t\t<\/div>\n\t\t","protected":false},"excerpt":{"rendered":"<p>Aykal Grup A.\u015e. Equipment Park Equipment Park List turkiye equpment park SIRA NO C\u0130NS\u0130 MODEL YILI MARKA \/ MODEL 1 EXKAVAT\u00d6R 2016 CATERPILLAR 303.5E MODEL 2 EXKAVAT\u00d6R 2016 CATERPILLAR 305E2&hellip;<\/p>\n","protected":false},"author":1,"featured_media":0,"parent":0,"menu_order":0,"comment_status":"closed","ping_status":"closed","template":"","meta":{"footnotes":""},"class_list":["post-36332","page","type-page","status-publish","hentry"],"_links":{"self":[{"href":"https:\/\/aykal.com.tr\/en\/wp-json\/wp\/v2\/pages\/36332","targetHints":{"allow":["GET"]}}],"collection":[{"href":"https:\/\/aykal.com.tr\/en\/wp-json\/wp\/v2\/pages"}],"about":[{"href":"https:\/\/aykal.com.tr\/en\/wp-json\/wp\/v2\/types\/page"}],"author":[{"embeddable":true,"href":"https:\/\/aykal.com.tr\/en\/wp-json\/wp\/v2\/users\/1"}],"replies":[{"embeddable":true,"href":"https:\/\/aykal.com.tr\/en\/wp-json\/wp\/v2\/comments?post=36332"}],"version-history":[{"count":17,"href":"https:\/\/aykal.com.tr\/en\/wp-json\/wp\/v2\/pages\/36332\/revisions"}],"predecessor-version":[{"id":36584,"href":"https:\/\/aykal.com.tr\/en\/wp-json\/wp\/v2\/pages\/36332\/revisions\/36584"}],"wp:attachment":[{"href":"https:\/\/aykal.com.tr\/en\/wp-json\/wp\/v2\/media?parent=36332"}],"curies":[{"name":"wp","href":"https:\/\/api.w.org\/{rel}","templated":true}]}}